{"id":4320,"date":"2025-12-25T05:12:55","date_gmt":"2025-12-25T04:12:55","guid":{"rendered":"https:\/\/herspace.studio\/die-x-strength-method-von-britta-degenkolbe\/"},"modified":"2025-12-29T18:27:43","modified_gmt":"2025-12-29T17:27:43","slug":"die-x-strength-method-von-britta-degenkolbe","status":"publish","type":"page","link":"https:\/\/herspace.studio\/de\/die-x-strength-method-von-britta-degenkolbe\/","title":{"rendered":"DIE X STRENGTH METHOD VON BRITTA DEGENKOLBE"},"content":{"rendered":"\t\t<div data-elementor-type=\"wp-page\" data-elementor-id=\"4320\" class=\"elementor elementor-4320 elementor-4190\" data-elementor-post-type=\"page\">\n\t\t\t\t<div class=\"elementor-element elementor-element-5f133bd e-flex e-con-boxed e-con e-parent\" data-id=\"5f133bd\" data-element_type=\"container\" data-e-type=\"container\">\n\t\t\t\t\t<div class=\"e-con-inner\">\n\t\t\t\t<div class=\"elementor-element elementor-element-adcd301 elementor-absolute elementor-widget elementor-widget-image\" data-id=\"adcd301\" data-element_type=\"widget\" data-e-type=\"widget\" data-settings=\"{&quot;_position&quot;:&quot;absolute&quot;}\" data-widget_type=\"image.default\">\n\t\t\t\t<div class=\"elementor-widget-container\">\n\t\t\t\t\t\t\t\t\t\t\t\t\t\t\t<img fetchpriority=\"high\" decoding=\"async\" width=\"800\" height=\"543\" src=\"https:\/\/herspace.studio\/wp-content\/uploads\/2025\/10\/Herspace-Pasing-2-1024x695.jpg\" class=\"attachment-large size-large wp-image-3175\" alt=\"\" srcset=\"https:\/\/herspace.studio\/wp-content\/uploads\/2025\/10\/Herspace-Pasing-2-1024x695.jpg 1024w, https:\/\/herspace.studio\/wp-content\/uploads\/2025\/10\/Herspace-Pasing-2-300x204.jpg 300w, https:\/\/herspace.studio\/wp-content\/uploads\/2025\/10\/Herspace-Pasing-2-768x521.jpg 768w, https:\/\/herspace.studio\/wp-content\/uploads\/2025\/10\/Herspace-Pasing-2-1536x1043.jpg 1536w, https:\/\/herspace.studio\/wp-content\/uploads\/2025\/10\/Herspace-Pasing-2-2048x1390.jpg 2048w\" sizes=\"(max-width: 800px) 100vw, 800px\" \/>\t\t\t\t\t\t\t\t\t\t\t\t\t\t\t<\/div>\n\t\t\t\t<\/div>\n\t\t\t\t<div class=\"elementor-element elementor-element-959f06c elementor-widget elementor-widget-heading\" data-id=\"959f06c\" data-element_type=\"widget\" data-e-type=\"widget\" data-widget_type=\"heading.default\">\n\t\t\t\t<div class=\"elementor-widget-container\">\n\t\t\t\t\t<h2 class=\"elementor-heading-title elementor-size-default\">DIE X STRENGTH METHOD VON BRITTA DEGENKOLBE<\/h2>\t\t\t\t<\/div>\n\t\t\t\t<\/div>\n\t\t\t\t\t<\/div>\n\t\t\t\t<\/div>\n\t\t<div class=\"elementor-element elementor-element-bb68dd9 e-flex e-con-boxed e-con e-parent\" data-id=\"bb68dd9\" data-element_type=\"container\" data-e-type=\"container\">\n\t\t\t\t\t<div class=\"e-con-inner\">\n\t\t\t\t<div class=\"elementor-element elementor-element-e917030 elementor-widget elementor-widget-heading\" data-id=\"e917030\" data-element_type=\"widget\" data-e-type=\"widget\" data-widget_type=\"heading.default\">\n\t\t\t\t<div class=\"elementor-widget-container\">\n\t\t\t\t\t<h2 class=\"elementor-heading-title elementor-size-default\">DIE X STRENGTH METHOD VON BRITTA DEGENKOLBE<\/h2>\t\t\t\t<\/div>\n\t\t\t\t<\/div>\n\t\t\t\t<div class=\"elementor-element elementor-element-c8449d3 elementor-widget elementor-widget-text-editor\" data-id=\"c8449d3\" data-element_type=\"widget\" data-e-type=\"widget\" data-widget_type=\"text-editor.default\">\n\t\t\t\t<div class=\"elementor-widget-container\">\n\t\t\t\t\t\t\t\t\t<p>In einer Welt, in der die sozialen Medien die Grenzen zwischen Pilates, funktionellem Training und Krafttraining verwischen, ist es immer unklarer geworden, was ein qualitativ hochwertiges Training eigentlich ist.<\/p><p>Was ist noch Pilates? Was ist funktionell? Und was ist einfach nur Intensit\u00e4t ohne Struktur?  <\/p><p><b>THE X STRENGTH METHOD wurde entwickelt, um wieder Klarheit zu schaffen.<br><\/b><\/p><p>Es kombiniert das Beste aus dem traditionellen, prinzipienbasierten Training mit Elementen aus dem Ballett und den klassischen Pilates-Techniken, bei denen Pr\u00e4zision, Kontrolle, Ausrichtung und Bewusstsein von entscheidender Bedeutung sind. Gleichzeitig umfasst es das, was Pilates und Barre weiterentwickelt hat:<br>unser Wunsch, herausgefordert zu werden, Intensit\u00e4t zu sp\u00fcren und den Prozess zu genie\u00dfen. <\/p><p>Im Kern ist die <b>X STRENGTH METHOD<\/b> darauf ausgerichtet, Sicherheit und Vertrauen zu schaffen &#8211; sowohl f\u00fcr die Teilnehmer als auch f\u00fcr die Lehrer. Vor allem f\u00fcr neue Trainer bietet die Methode einen klaren Rahmen, der ihnen Orientierung und Struktur bietet und es ihnen erm\u00f6glicht, sich auf das zu konzentrieren, was wirklich wichtig ist: mit Selbstvertrauen, Pr\u00e4senz und Klarheit in den Unterricht einzusteigen. <\/p><p>Innerhalb dieses Rahmens gibt es Raum zum Wachsen.<br>Raum f\u00fcr Kreativit\u00e4t, Ausdruck und individuelle Unterrichtsstile &#8211; unterst\u00fctzt, nicht eingeschr\u00e4nkt durch Strukturen.<\/p><p>Die Musik spielt dabei eine Schl\u00fcsselrolle.<br>Sie gibt den Rhythmus vor, unterst\u00fctzt die \u00dcberg\u00e4nge und schafft einen nat\u00fcrlichen Fluss in jedem Kurs, so dass sich Lehrer und Teilnehmer gleichzeitig geerdet, gef\u00fchrt und frei f\u00fchlen.<\/p><p>Das Ergebnis ist eine Methode, die sich eher unterst\u00fctzend als erdr\u00fcckend anf\u00fchlt.<br>Ein Rahmen, der zun\u00e4chst Vertrauen aufbaut &#8211; und es erm\u00f6glicht, dass sich Herausforderung, Intensit\u00e4t und Fluss auf nat\u00fcrliche Weise entfalten.<\/p><p> <\/p>\t\t\t\t\t\t\t\t<\/div>\n\t\t\t\t<\/div>\n\t\t\t\t<div class=\"elementor-element elementor-element-9518dfc elementor-widget elementor-widget-button\" data-id=\"9518dfc\" data-element_type=\"widget\" data-e-type=\"widget\" data-widget_type=\"button.default\">\n\t\t\t\t<div class=\"elementor-widget-container\">\n\t\t\t\t\t\t\t\t\t<div class=\"elementor-button-wrapper\">\n\t\t\t\t\t<a class=\"elementor-button elementor-button-link elementor-size-sm\" href=\"https:\/\/enyq8o34cce.typeform.com\/to\/ebxSrqRt\" target=\"_blank\" rel=\"noopener\">\n\t\t\t\t\t\t<span class=\"elementor-button-content-wrapper\">\n\t\t\t\t\t\t\t\t\t<span class=\"elementor-button-text\">Warteliste<\/span>\n\t\t\t\t\t<\/span>\n\t\t\t\t\t<\/a>\n\t\t\t\t<\/div>\n\t\t\t\t\t\t\t\t<\/div>\n\t\t\t\t<\/div>\n\t\t\t\t\t<\/div>\n\t\t\t\t<\/div>\n\t\t<div class=\"elementor-element elementor-element-c12f836 e-flex e-con-boxed e-con e-parent\" data-id=\"c12f836\" data-element_type=\"container\" data-e-type=\"container\">\n\t\t\t\t\t<div class=\"e-con-inner\">\n\t\t\t\t<div class=\"elementor-element elementor-element-c049ff5 elementor-widget elementor-widget-heading\" data-id=\"c049ff5\" data-element_type=\"widget\" data-e-type=\"widget\" data-widget_type=\"heading.default\">\n\t\t\t\t<div class=\"elementor-widget-container\">\n\t\t\t\t\t<h2 class=\"elementor-heading-title elementor-size-default\">Kombinieren Sie das X mit diesen Kursen:\n\n<\/h2>\t\t\t\t<\/div>\n\t\t\t\t<\/div>\n\t\t\t\t\t<\/div>\n\t\t\t\t<\/div>\n\t\t<div class=\"elementor-element elementor-element-152ec11 e-grid e-con-full e-con e-parent\" data-id=\"152ec11\" data-element_type=\"container\" data-e-type=\"container\" data-settings=\"{&quot;background_background&quot;:&quot;classic&quot;}\">\n\t\t<div class=\"elementor-element elementor-element-5eda6bc e-flex e-con-boxed e-con e-child\" data-id=\"5eda6bc\" data-element_type=\"container\" data-e-type=\"container\">\n\t\t\t\t\t<div class=\"e-con-inner\">\n\t\t\t\t<div class=\"elementor-element elementor-element-1d9172a elementor-widget elementor-widget-heading\" data-id=\"1d9172a\" data-element_type=\"widget\" data-e-type=\"widget\" data-widget_type=\"heading.default\">\n\t\t\t\t<div class=\"elementor-widget-container\">\n\t\t\t\t\t<h2 class=\"elementor-heading-title elementor-size-default\">REFORMER PILATES<\/h2>\t\t\t\t<\/div>\n\t\t\t\t<\/div>\n\t\t\t\t<div class=\"elementor-element elementor-element-34adcce elementor-widget elementor-widget-text-editor\" data-id=\"34adcce\" data-element_type=\"widget\" data-e-type=\"widget\" data-widget_type=\"text-editor.default\">\n\t\t\t\t<div class=\"elementor-widget-container\">\n\t\t\t\t\t\t\t\t\t<p>In unserem Reformer Pilates-Training lernen Sie, wie man \u00dcbungen analysiert, sicher anleitet und f\u00fcr verschiedene K\u00f6rper und Niveaus anpasst &#8211; alles innerhalb einer klaren, methodischen Struktur, die die Kurse effektiv, fl\u00fcssig und inspirierend macht.<\/p>\t\t\t\t\t\t\t\t<\/div>\n\t\t\t\t<\/div>\n\t\t\t\t<div class=\"elementor-element elementor-element-5e0f2ee elementor-widget elementor-widget-button\" data-id=\"5e0f2ee\" data-element_type=\"widget\" data-e-type=\"widget\" data-widget_type=\"button.default\">\n\t\t\t\t<div class=\"elementor-widget-container\">\n\t\t\t\t\t\t\t\t\t<div class=\"elementor-button-wrapper\">\n\t\t\t\t\t<a class=\"elementor-button elementor-button-link elementor-size-sm\" href=\"https:\/\/herspace.studio\/de\/reformer-pilates-x-strength-method\/\">\n\t\t\t\t\t\t<span class=\"elementor-button-content-wrapper\">\n\t\t\t\t\t\t\t\t\t<span class=\"elementor-button-text\">Werde Reformer Lehrer<\/span>\n\t\t\t\t\t<\/span>\n\t\t\t\t\t<\/a>\n\t\t\t\t<\/div>\n\t\t\t\t\t\t\t\t<\/div>\n\t\t\t\t<\/div>\n\t\t\t\t\t<\/div>\n\t\t\t\t<\/div>\n\t\t<div class=\"elementor-element elementor-element-c55e135 e-flex e-con-boxed e-con e-child\" data-id=\"c55e135\" data-element_type=\"container\" data-e-type=\"container\">\n\t\t\t\t\t<div class=\"e-con-inner\">\n\t\t\t\t<div class=\"elementor-element elementor-element-a7e6787 elementor-widget elementor-widget-heading\" data-id=\"a7e6787\" data-element_type=\"widget\" data-e-type=\"widget\" data-widget_type=\"heading.default\">\n\t\t\t\t<div class=\"elementor-widget-container\">\n\t\t\t\t\t<h2 class=\"elementor-heading-title elementor-size-default\">BARRE<\/h2>\t\t\t\t<\/div>\n\t\t\t\t<\/div>\n\t\t\t\t<div class=\"elementor-element elementor-element-8038cdc elementor-widget elementor-widget-text-editor\" data-id=\"8038cdc\" data-element_type=\"widget\" data-e-type=\"widget\" data-widget_type=\"text-editor.default\">\n\t\t\t\t<div class=\"elementor-widget-container\">\n\t\t\t\t\t\t\t\t\t<p>Barre im HERSPACE verbindet eine vom Ballett inspirierte Technik mit funktionellem Krafttraining und Musikalit\u00e4t. Sie lernen, wie Sie elegante und dennoch kraftvolle Sequenzen kreieren, die Haltung und Muskelkraft unterst\u00fctzen &#8211; strukturiert und wundersch\u00f6n absichtlich. <\/p>\t\t\t\t\t\t\t\t<\/div>\n\t\t\t\t<\/div>\n\t\t\t\t<div class=\"elementor-element elementor-element-47ffbcc elementor-widget elementor-widget-button\" data-id=\"47ffbcc\" data-element_type=\"widget\" data-e-type=\"widget\" data-widget_type=\"button.default\">\n\t\t\t\t<div class=\"elementor-widget-container\">\n\t\t\t\t\t\t\t\t\t<div class=\"elementor-button-wrapper\">\n\t\t\t\t\t<a class=\"elementor-button elementor-button-link elementor-size-sm\" href=\"https:\/\/herspace.studio\/de\/barre-x-strength-method\/\">\n\t\t\t\t\t\t<span class=\"elementor-button-content-wrapper\">\n\t\t\t\t\t\t\t\t\t<span class=\"elementor-button-text\">Werde Barre-Lehrer<\/span>\n\t\t\t\t\t<\/span>\n\t\t\t\t\t<\/a>\n\t\t\t\t<\/div>\n\t\t\t\t\t\t\t\t<\/div>\n\t\t\t\t<\/div>\n\t\t\t\t\t<\/div>\n\t\t\t\t<\/div>\n\t\t<div class=\"elementor-element elementor-element-0471158 e-flex e-con-boxed e-con e-child\" data-id=\"0471158\" data-element_type=\"container\" data-e-type=\"container\">\n\t\t\t\t\t<div class=\"e-con-inner\">\n\t\t\t\t<div class=\"elementor-element elementor-element-941057a elementor-widget elementor-widget-heading\" data-id=\"941057a\" data-element_type=\"widget\" data-e-type=\"widget\" data-widget_type=\"heading.default\">\n\t\t\t\t<div class=\"elementor-widget-container\">\n\t\t\t\t\t<h2 class=\"elementor-heading-title elementor-size-default\">PILATES<\/h2>\t\t\t\t<\/div>\n\t\t\t\t<\/div>\n\t\t\t\t<div class=\"elementor-element elementor-element-6164d7e elementor-widget elementor-widget-text-editor\" data-id=\"6164d7e\" data-element_type=\"widget\" data-e-type=\"widget\" data-widget_type=\"text-editor.default\">\n\t\t\t\t<div class=\"elementor-widget-container\">\n\t\t\t\t\t\t\t\t\t<p>In unserer Matte-Pilates-Ausbildung treffen die klassischen Pilates-Prinzipien auf ein modernes Bewegungsverst\u00e4ndnis. Sie lernen, wie Sie mit Klarheit und Tiefe unterrichten &#8211; mit Fokus auf Ausrichtung, Atem und Kontrolle &#8211; und gleichzeitig Kurse gestalten, die sich modern und herausfordernd anf\u00fchlen. <\/p>\t\t\t\t\t\t\t\t<\/div>\n\t\t\t\t<\/div>\n\t\t\t\t<div class=\"elementor-element elementor-element-665dd92 elementor-widget elementor-widget-button\" data-id=\"665dd92\" data-element_type=\"widget\" data-e-type=\"widget\" data-widget_type=\"button.default\">\n\t\t\t\t<div class=\"elementor-widget-container\">\n\t\t\t\t\t\t\t\t\t<div class=\"elementor-button-wrapper\">\n\t\t\t\t\t<a class=\"elementor-button elementor-button-link elementor-size-sm\" href=\"https:\/\/herspace.studio\/de\/mat-pilates-x-strength-method\/\">\n\t\t\t\t\t\t<span class=\"elementor-button-content-wrapper\">\n\t\t\t\t\t\t\t\t\t<span class=\"elementor-button-text\">Werde Pilates-Lehrer<\/span>\n\t\t\t\t\t<\/span>\n\t\t\t\t\t<\/a>\n\t\t\t\t<\/div>\n\t\t\t\t\t\t\t\t<\/div>\n\t\t\t\t<\/div>\n\t\t\t\t\t<\/div>\n\t\t\t\t<\/div>\n\t\t\t\t<\/div>\n\t\t\t\t<\/div>\n\t\t","protected":false},"excerpt":{"rendered":"<p>DIE X STRENGTH METHOD VON BRITTA DEGENKOLBE DIE X STRENGTH METHOD VON BRITTA DEGENKOLBE In einer Welt, in der die sozialen Medien die Grenzen zwischen Pilates, funktionellem Training und Krafttraining verwischen, ist es immer unklarer geworden, was ein qualitativ hochwertiges Training eigentlich ist. Was ist noch Pilates? Was ist funktionell? Und was ist einfach nur [&hellip;]<\/p>\n","protected":false},"author":3,"featured_media":0,"parent":0,"menu_order":0,"comment_status":"closed","ping_status":"closed","template":"","meta":{"_acf_changed":false,"footnotes":""},"class_list":["post-4320","page","type-page","status-publish","hentry"],"acf":[],"_links":{"self":[{"href":"https:\/\/herspace.studio\/de\/wp-json\/wp\/v2\/pages\/4320","targetHints":{"allow":["GET"]}}],"collection":[{"href":"https:\/\/herspace.studio\/de\/wp-json\/wp\/v2\/pages"}],"about":[{"href":"https:\/\/herspace.studio\/de\/wp-json\/wp\/v2\/types\/page"}],"author":[{"embeddable":true,"href":"https:\/\/herspace.studio\/de\/wp-json\/wp\/v2\/users\/3"}],"replies":[{"embeddable":true,"href":"https:\/\/herspace.studio\/de\/wp-json\/wp\/v2\/comments?post=4320"}],"version-history":[{"count":5,"href":"https:\/\/herspace.studio\/de\/wp-json\/wp\/v2\/pages\/4320\/revisions"}],"predecessor-version":[{"id":4354,"href":"https:\/\/herspace.studio\/de\/wp-json\/wp\/v2\/pages\/4320\/revisions\/4354"}],"wp:attachment":[{"href":"https:\/\/herspace.studio\/de\/wp-json\/wp\/v2\/media?parent=4320"}],"curies":[{"name":"wp","href":"https:\/\/api.w.org\/{rel}","templated":true}]}}