{"id":4318,"date":"2025-12-26T10:50:54","date_gmt":"2025-12-26T09:50:54","guid":{"rendered":"https:\/\/herspace.studio\/reformer-pilates-x-strength-method\/"},"modified":"2026-03-17T17:15:34","modified_gmt":"2026-03-17T16:15:34","slug":"reformer-pilates-x-strength-method","status":"publish","type":"page","link":"https:\/\/herspace.studio\/de\/reformer-pilates-x-strength-method\/","title":{"rendered":"REFORMER PILATES \u00d7 STRENGTH METHOD"},"content":{"rendered":"\t\t<div data-elementor-type=\"wp-page\" data-elementor-id=\"4318\" class=\"elementor elementor-4318 elementor-4219\" data-elementor-post-type=\"page\">\n\t\t\t\t<div class=\"elementor-element elementor-element-5f133bd e-flex e-con-boxed e-con e-parent\" data-id=\"5f133bd\" data-element_type=\"container\" data-e-type=\"container\">\n\t\t\t\t\t<div class=\"e-con-inner\">\n\t\t\t\t<div class=\"elementor-element elementor-element-adcd301 elementor-absolute elementor-widget elementor-widget-image\" data-id=\"adcd301\" data-element_type=\"widget\" data-e-type=\"widget\" data-settings=\"{&quot;_position&quot;:&quot;absolute&quot;}\" data-widget_type=\"image.default\">\n\t\t\t\t<div class=\"elementor-widget-container\">\n\t\t\t\t\t\t\t\t\t\t\t\t\t\t\t<img fetchpriority=\"high\" decoding=\"async\" width=\"800\" height=\"534\" src=\"https:\/\/herspace.studio\/wp-content\/uploads\/2025\/10\/10_HerSpace_Pasing-1024x683.jpg\" class=\"attachment-large size-large wp-image-3296\" alt=\"\" srcset=\"https:\/\/herspace.studio\/wp-content\/uploads\/2025\/10\/10_HerSpace_Pasing-1024x683.jpg 1024w, https:\/\/herspace.studio\/wp-content\/uploads\/2025\/10\/10_HerSpace_Pasing-300x200.jpg 300w, https:\/\/herspace.studio\/wp-content\/uploads\/2025\/10\/10_HerSpace_Pasing-768x512.jpg 768w, https:\/\/herspace.studio\/wp-content\/uploads\/2025\/10\/10_HerSpace_Pasing-1536x1024.jpg 1536w, https:\/\/herspace.studio\/wp-content\/uploads\/2025\/10\/10_HerSpace_Pasing-2048x1365.jpg 2048w\" sizes=\"(max-width: 800px) 100vw, 800px\" \/>\t\t\t\t\t\t\t\t\t\t\t\t\t\t\t<\/div>\n\t\t\t\t<\/div>\n\t\t\t\t<div class=\"elementor-element elementor-element-959f06c elementor-widget elementor-widget-heading\" data-id=\"959f06c\" data-element_type=\"widget\" data-e-type=\"widget\" data-widget_type=\"heading.default\">\n\t\t\t\t<div class=\"elementor-widget-container\">\n\t\t\t\t\t<h2 class=\"elementor-heading-title elementor-size-default\">REFORMER PILATES \u00d7 STRENGTH METHOD<\/h2>\t\t\t\t<\/div>\n\t\t\t\t<\/div>\n\t\t\t\t<div class=\"elementor-element elementor-element-6f892f1 elementor-widget elementor-widget-button\" data-id=\"6f892f1\" data-element_type=\"widget\" data-e-type=\"widget\" data-widget_type=\"button.default\">\n\t\t\t\t<div class=\"elementor-widget-container\">\n\t\t\t\t\t\t\t\t\t<div class=\"elementor-button-wrapper\">\n\t\t\t\t\t<a class=\"elementor-button elementor-button-link elementor-size-sm\" href=\"https:\/\/backoffice.bsport.io\/m\/HERSPACE%20%7C%20K%C3%96NIGSPLATZ\/3475\/shop\/?isPreview=true&#038;tabSelected=3\" target=\"_blank\" rel=\"noopener\">\n\t\t\t\t\t\t<span class=\"elementor-button-content-wrapper\">\n\t\t\t\t\t\t\t\t\t<span class=\"elementor-button-text\">Anmeldung<\/span>\n\t\t\t\t\t<\/span>\n\t\t\t\t\t<\/a>\n\t\t\t\t<\/div>\n\t\t\t\t\t\t\t\t<\/div>\n\t\t\t\t<\/div>\n\t\t\t\t\t<\/div>\n\t\t\t\t<\/div>\n\t\t<div class=\"elementor-element elementor-element-30c6105 e-flex e-con-boxed e-con e-parent\" data-id=\"30c6105\" data-element_type=\"container\" data-e-type=\"container\" data-settings=\"{&quot;background_background&quot;:&quot;classic&quot;}\">\n\t\t\t\t\t<div class=\"e-con-inner\">\n\t\t\t\t<div class=\"elementor-element elementor-element-796ddfb elementor-widget elementor-widget-heading\" data-id=\"796ddfb\" data-element_type=\"widget\" data-e-type=\"widget\" data-widget_type=\"heading.default\">\n\t\t\t\t<div class=\"elementor-widget-container\">\n\t\t\t\t\t<h1 class=\"elementor-heading-title elementor-size-default\">Was du lernst:<\/h1>\t\t\t\t<\/div>\n\t\t\t\t<\/div>\n\t\t\t\t<div class=\"elementor-element elementor-element-487070a elementor-widget elementor-widget-text-editor\" data-id=\"487070a\" data-element_type=\"widget\" data-e-type=\"widget\" data-widget_type=\"text-editor.default\">\n\t\t\t\t<div class=\"elementor-widget-container\">\n\t\t\t\t\t\t\t\t\t<p id=\"viewer-q9khh234\" class=\"fxTZ7 fvFfv lRgAI xFml2\" dir=\"auto\"><span class=\"zzOoR\">Diese Ausbildung richtet sich an Frauen, die Reformer Pilates gr\u00fcndlich verstehen und selbstbewusst, strukturell und zeitgem\u00e4\u00df unterrichten m\u00f6chten.<\/span><\/p><p id=\"viewer-o14pj236\" class=\"fxTZ7 fvFfv lRgAI xFml2\" dir=\"auto\"><span class=\"zzOoR\">Sie lernen, sowohl grundlegende \u00dcbungen als auch komplexere Bewegungsabl\u00e4ufe genau zu analysieren, methodisch aufzubauen und klar zu instruieren &#8211; basierend auf der <strong>THE X STRENGTH METHOD<\/strong>.<\/span><\/p><div id=\"viewer-lsihr240\" class=\"fxTZ7 fvFfv lRgAI xFml2\" dir=\"auto\"><span class=\"zzOoR\"> <\/span><\/div><p id=\"viewer-c8yml241\" class=\"fxTZ7 fvFfv lRgAI xFml2\" dir=\"auto\"><span class=\"zzOoR\">Das Ziel der Ausbildung ist es, Sie mit allen notwendigen F\u00e4higkeiten auszustatten, um qualitativ hochwertige, effektive und gut strukturierte Reformer Pilates Kurse professionell zu planen und durchzuf\u00fchren.<\/span><\/p>\t\t\t\t\t\t\t\t<\/div>\n\t\t\t\t<\/div>\n\t\t\t\t\t<\/div>\n\t\t\t\t<\/div>\n\t\t<div class=\"elementor-element elementor-element-1f34180 e-flex e-con-boxed e-con e-parent\" data-id=\"1f34180\" data-element_type=\"container\" data-e-type=\"container\">\n\t\t\t\t\t<div class=\"e-con-inner\">\n\t\t\t\t<div class=\"elementor-element elementor-element-b537a47 elementor-widget elementor-widget-heading\" data-id=\"b537a47\" data-element_type=\"widget\" data-e-type=\"widget\" data-widget_type=\"heading.default\">\n\t\t\t\t<div class=\"elementor-widget-container\">\n\t\t\t\t\t<h1 class=\"elementor-heading-title elementor-size-default\">Inhalt und Module:\n\n<\/h1>\t\t\t\t<\/div>\n\t\t\t\t<\/div>\n\t\t\t\t\t<\/div>\n\t\t\t\t<\/div>\n\t\t<div class=\"elementor-element elementor-element-4fe8a6f e-con-full e-flex e-con e-parent\" data-id=\"4fe8a6f\" data-element_type=\"container\" data-e-type=\"container\" data-settings=\"{&quot;background_background&quot;:&quot;classic&quot;}\">\n\t\t<div class=\"elementor-element elementor-element-4ca0e1d e-con-full e-flex e-con e-child\" data-id=\"4ca0e1d\" data-element_type=\"container\" data-e-type=\"container\">\n\t\t<div class=\"elementor-element elementor-element-14ae362 e-con-full e-flex e-con e-child\" data-id=\"14ae362\" data-element_type=\"container\" data-e-type=\"container\">\n\t\t\t\t<div class=\"elementor-element elementor-element-894643a eyebrow elementor-widget elementor-widget-text-editor\" data-id=\"894643a\" data-element_type=\"widget\" data-e-type=\"widget\" data-widget_type=\"text-editor.default\">\n\t\t\t\t<div class=\"elementor-widget-container\">\n\t\t\t\t\t\t\t\t\t<p>MODUL 1<\/p>\t\t\t\t\t\t\t\t<\/div>\n\t\t\t\t<\/div>\n\t\t\t\t<div class=\"elementor-element elementor-element-1a4b2d0 elementor-widget elementor-widget-heading\" data-id=\"1a4b2d0\" data-element_type=\"widget\" data-e-type=\"widget\" data-widget_type=\"heading.default\">\n\t\t\t\t<div class=\"elementor-widget-container\">\n\t\t\t\t\t<h2 class=\"elementor-heading-title elementor-size-default\">Fundamente<\/h2>\t\t\t\t<\/div>\n\t\t\t\t<\/div>\n\t\t\t\t<div class=\"elementor-element elementor-element-6c1067f elementor-widget elementor-widget-text-editor\" data-id=\"6c1067f\" data-element_type=\"widget\" data-e-type=\"widget\" data-widget_type=\"text-editor.default\">\n\t\t\t\t<div class=\"elementor-widget-container\">\n\t\t\t\t\t\t\t\t\t<ul class=\"T3-vm lRgAI\"><li class=\"syYPV\" dir=\"auto\" aria-level=\"1\"><p id=\"viewer-ihe8u251\" class=\"fxTZ7 fvFfv lRgAI xFml2\" dir=\"\"><span class=\"zzOoR\">Grundlagen der THE X STRENGTH METHOD<\/span><\/p><\/li><li class=\"syYPV\" dir=\"auto\" aria-level=\"1\"><p id=\"viewer-agfzz254\" class=\"fxTZ7 fvFfv lRgAI xFml2\" dir=\"\"><span class=\"zzOoR\">Anatomie, Physiologie und Trainingstheorie praktisch angewandt<\/span><\/p><\/li><li class=\"syYPV\" dir=\"auto\" aria-level=\"1\"><p id=\"viewer-asgvp257\" class=\"fxTZ7 fvFfv lRgAI xFml2\" dir=\"\"><span class=\"zzOoR\">Verst\u00e4ndnis f\u00fcr Anf\u00e4nger und Mittelstufe<\/span><\/p><\/li><\/ul>\t\t\t\t\t\t\t\t<\/div>\n\t\t\t\t<\/div>\n\t\t\t\t<\/div>\n\t\t\t\t<\/div>\n\t\t<div class=\"elementor-element elementor-element-518f9a4 e-con-full e-flex e-con e-child\" data-id=\"518f9a4\" data-element_type=\"container\" data-e-type=\"container\">\n\t\t<div class=\"elementor-element elementor-element-c187e1f e-con-full e-flex e-con e-child\" data-id=\"c187e1f\" data-element_type=\"container\" data-e-type=\"container\">\n\t\t\t\t<div class=\"elementor-element elementor-element-bf6ac65 eyebrow elementor-widget elementor-widget-text-editor\" data-id=\"bf6ac65\" data-element_type=\"widget\" data-e-type=\"widget\" data-widget_type=\"text-editor.default\">\n\t\t\t\t<div class=\"elementor-widget-container\">\n\t\t\t\t\t\t\t\t\t<p>MODUL 2<\/p>\t\t\t\t\t\t\t\t<\/div>\n\t\t\t\t<\/div>\n\t\t\t\t<div class=\"elementor-element elementor-element-15aa819 elementor-widget elementor-widget-heading\" data-id=\"15aa819\" data-element_type=\"widget\" data-e-type=\"widget\" data-widget_type=\"heading.default\">\n\t\t\t\t<div class=\"elementor-widget-container\">\n\t\t\t\t\t<h2 class=\"elementor-heading-title elementor-size-default\">Fortgeschrittene und Lehre<\/h2>\t\t\t\t<\/div>\n\t\t\t\t<\/div>\n\t\t\t\t<div class=\"elementor-element elementor-element-c648113 elementor-widget elementor-widget-text-editor\" data-id=\"c648113\" data-element_type=\"widget\" data-e-type=\"widget\" data-widget_type=\"text-editor.default\">\n\t\t\t\t<div class=\"elementor-widget-container\">\n\t\t\t\t\t\t\t\t\t<ul class=\"T3-vm lRgAI\"><li class=\"syYPV\" dir=\"auto\" aria-level=\"1\"><span class=\"zzOoR\">Vollst\u00e4ndiger \u00dcbungskatalog f\u00fcr Anf\u00e4nger<\/span><\/li><\/ul><ul class=\"T3-vm lRgAI\"><li class=\"syYPV\" dir=\"auto\" aria-level=\"1\"><p id=\"viewer-rcrkc267\" class=\"fxTZ7 fvFfv lRgAI xFml2\" dir=\"\"><span class=\"zzOoR\">Fortgeschrittene \u00dcbungen und sinnvolle Abfolge<\/span><\/p><\/li><li class=\"syYPV\" dir=\"auto\" aria-level=\"1\"><p id=\"viewer-eykbc270\" class=\"fxTZ7 fvFfv lRgAI xFml2\" dir=\"\"><span class=\"zzOoR\">Lehrf\u00e4higkeiten, Cueing und Pr\u00e4senz des Trainers<\/span><\/p><\/li><li class=\"syYPV\" dir=\"auto\" aria-level=\"1\"><p id=\"viewer-qro6z273\" class=\"fxTZ7 fvFfv lRgAI xFml2\" dir=\"\"><span class=\"zzOoR\">Musikalit\u00e4t und Kommunikation im Unterricht<\/span><\/p><\/li><\/ul>\t\t\t\t\t\t\t\t<\/div>\n\t\t\t\t<\/div>\n\t\t\t\t<\/div>\n\t\t\t\t<\/div>\n\t\t<div class=\"elementor-element elementor-element-3c21edd e-con-full e-flex e-con e-child\" data-id=\"3c21edd\" data-element_type=\"container\" data-e-type=\"container\">\n\t\t<div class=\"elementor-element elementor-element-87d7caf e-con-full e-flex e-con e-child\" data-id=\"87d7caf\" data-element_type=\"container\" data-e-type=\"container\">\n\t\t\t\t<div class=\"elementor-element elementor-element-6746e3b eyebrow elementor-widget elementor-widget-text-editor\" data-id=\"6746e3b\" data-element_type=\"widget\" data-e-type=\"widget\" data-widget_type=\"text-editor.default\">\n\t\t\t\t<div class=\"elementor-widget-container\">\n\t\t\t\t\t\t\t\t\t<p>MODUL 3<\/p>\t\t\t\t\t\t\t\t<\/div>\n\t\t\t\t<\/div>\n\t\t\t\t<div class=\"elementor-element elementor-element-0e6e53d elementor-widget elementor-widget-heading\" data-id=\"0e6e53d\" data-element_type=\"widget\" data-e-type=\"widget\" data-widget_type=\"heading.default\">\n\t\t\t\t<div class=\"elementor-widget-container\">\n\t\t\t\t\t<h2 class=\"elementor-heading-title elementor-size-default\">\u00dcbung und Beherrschung<\/h2>\t\t\t\t<\/div>\n\t\t\t\t<\/div>\n\t\t\t\t<div class=\"elementor-element elementor-element-816ba1d elementor-widget elementor-widget-text-editor\" data-id=\"816ba1d\" data-element_type=\"widget\" data-e-type=\"widget\" data-widget_type=\"text-editor.default\">\n\t\t\t\t<div class=\"elementor-widget-container\">\n\t\t\t\t\t\t\t\t\t<ul class=\"T3-vm lRgAI\">\n<li class=\"syYPV\" dir=\"auto\" aria-level=\"1\">\n<p id=\"viewer-n46s1280\" class=\"fxTZ7 fvFfv lRgAI xFml2\" dir=\"\"><span class=\"zzOoR\">Lehrlabor und Peer Teaching<\/span><\/p>\n<\/li>\n<li class=\"syYPV\" dir=\"auto\" aria-level=\"1\">\n<p id=\"viewer-a7r00283\" class=\"fxTZ7 fvFfv lRgAI xFml2\" dir=\"\"><span class=\"zzOoR\">Entwicklung von eigenen Kurskonzepten<\/span><\/p>\n<\/li>\n<li class=\"syYPV\" dir=\"auto\" aria-level=\"1\">\n<p id=\"viewer-z1za9286\" class=\"fxTZ7 fvFfv lRgAI xFml2\" dir=\"\"><span class=\"zzOoR\">Pr\u00fcfungsvorbereitung<\/span><\/p>\n<\/li>\n<\/ul>\t\t\t\t\t\t\t\t<\/div>\n\t\t\t\t<\/div>\n\t\t\t\t<\/div>\n\t\t\t\t<\/div>\n\t\t\t\t<\/div>\n\t\t<div class=\"elementor-element elementor-element-1a6ead6 e-con-full e-flex e-con e-parent\" data-id=\"1a6ead6\" data-element_type=\"container\" data-e-type=\"container\">\n\t\t<div class=\"elementor-element elementor-element-8a8c82e e-con-full custom-stack e-flex e-con e-child\" data-id=\"8a8c82e\" data-element_type=\"container\" data-e-type=\"container\">\n\t\t\t\t<div class=\"elementor-element elementor-element-1d2917e elementor-widget__width-inherit elementor-widget elementor-widget-heading\" data-id=\"1d2917e\" data-element_type=\"widget\" data-e-type=\"widget\" data-widget_type=\"heading.default\">\n\t\t\t\t<div class=\"elementor-widget-container\">\n\t\t\t\t\t<h2 class=\"elementor-heading-title elementor-size-default\">Praxis, Selbststudium und Lehrpraxis<\/h2>\t\t\t\t<\/div>\n\t\t\t\t<\/div>\n\t\t\t\t<div class=\"elementor-element elementor-element-d115675 elementor-widget__width-inherit elementor-widget elementor-widget-text-editor\" data-id=\"d115675\" data-element_type=\"widget\" data-e-type=\"widget\" data-widget_type=\"text-editor.default\">\n\t\t\t\t<div class=\"elementor-widget-container\">\n\t\t\t\t\t\t\t\t\t<p dir=\"auto\">Das Training kombiniert Pr\u00e4senzphasen mit eigenst\u00e4ndigem \u00dcben und Selbststudium.<\/p><p dir=\"auto\"><strong>Beobachtungsstunden:<\/strong> 30 Stunden Beobachtung von Kursen und Unterrichtserfahrung mit erfahrenen Ausbildern<\/p><p dir=\"auto\"><strong>Lehrpraxis<\/strong>: 15 Stunden Unterrichten von Kursen im HERSPACE Studio.<\/p><p dir=\"auto\"><strong>Selbststudium und Praxis:<\/strong> Selbstst\u00e4ndiges Training, Reflexions\u00fcbungen, Vor- und Nachbereitung der Module, Entwicklung von Unterrichtsentw\u00fcrfen und Vorbereitung auf die Unterrichtspraxis und die abschlie\u00dfende Beurteilung.<\/p><p dir=\"auto\"><strong>Pr\u00fcfung<\/strong>: 1 Stunde Unterrichten einer Klasse im HERSPACE Studio<\/p><p dir=\"auto\"><strong>Hinweis<\/strong>: Alle Einheiten m\u00fcssen auf einem Pilates-Reformer-Ger\u00e4t absolviert werden. <\/p><h2 dir=\"auto\">Umfang und Dauer der Schulung<\/h2><p dir=\"auto\"><strong>Gesamtumfang:<\/strong> 150 Stunden<\/p><p dir=\"auto\"><strong>In-person Module: <\/strong>3 Wochenenden <\/p><p dir=\"auto\"><strong>Dauer:<\/strong> Je nach individueller Umsetzung, mindestens 3 bis 6 Monate neben beruflichen Verpflichtungen<\/p><div dir=\"auto\"> <\/div><h2 dir=\"auto\">In-Person-Phasen 2026<\/h2><ul><li dir=\"auto\" aria-level=\"1\"><p dir=\"\"><strong>Modul 1:<\/strong> <span style=\"background-color: transparent;\">18 &amp; 19. April, 2026<\/span><\/p><\/li><li dir=\"auto\" aria-level=\"1\"><p dir=\"\"><strong>Modul 2:<\/strong> <span style=\"background-color: transparent;\">16 &amp; 17. Mai, 2026<\/span><\/p><\/li><li dir=\"auto\" aria-level=\"1\"><p dir=\"\"><strong>Modul 3:<\/strong><span style=\"background-color: transparent;\"> 13. &amp; 14. Juni, 2026<\/span><\/p><div dir=\"\"> <\/div><\/li><\/ul><p dir=\"auto\"><strong>Times:<\/strong> Samstag und Sonntag von <b>9:00 bis 13:00 Uhr und 14:00 bis 18:00 Uhr<\/b><\/p><h2 dir=\"auto\">Teilnahmebedingungen<\/h2><ul><li dir=\"auto\" aria-level=\"1\"><p dir=\"\">Mindestens 30 unterrichtete Reformer-Einheiten (Sessions) auf einem Pilates-Reformer-Ger\u00e4t (diese k\u00f6nnen auch w\u00e4hrend der Ausbildungszeit absolviert werden).<\/p><\/li><li dir=\"auto\" aria-level=\"1\"><p dir=\"\">Einf\u00fchlungsverm\u00f6gen, Zuverl\u00e4ssigkeit und pers\u00f6nliche Verantwortung<\/p><\/li><li dir=\"auto\" aria-level=\"1\"><p dir=\"\">Motivation, Reformer-Pilates-Kurse professionell und selbstbewusst zu unterrichten \u2013 idealerweise in unseren Studios.<\/p><\/li><\/ul><h2 dir=\"auto\">Deine Vorteile<\/h2><ul><li dir=\"auto\" aria-level=\"1\"><p dir=\"\">Praktisches und intensives Training mit drei pers\u00f6nlichen Phasen<\/p><\/li><li dir=\"auto\" aria-level=\"1\"><p dir=\"\">Kostenlose Nutzung des Reformer-Studios f\u00fcr Personal Training und Kursvorbereitung<\/p><\/li><li dir=\"auto\" aria-level=\"1\"><p dir=\"\">Klare Entwicklung von F\u00e4higkeiten statt eines losen Repertoires<\/p><\/li><li dir=\"auto\" aria-level=\"1\"><p dir=\"\">M\u00f6glichkeit, nach erfolgreichem Abschluss in unseren Studios zu unterrichten<\/p><\/li><li dir=\"auto\" aria-level=\"1\"><p dir=\"\">Gute Voraussetzungen f\u00fcr einen schnellen Return on Investment f\u00fcr die Ausbildung<\/p><div dir=\"\"> <\/div><\/li><\/ul><h2 dir=\"auto\">Kosten und Registrierung<\/h2><p dir=\"auto\"><strong>Preis:<\/strong> 1.850 Euro<\/p><p dir=\"auto\"><strong>Pr\u00fcfungsgeb\u00fchr:<\/strong> 120 Euro<\/p><h2 dir=\"auto\">Sprache und Zertifizierung<\/h2><p dir=\"auto\"><strong>Sprache des Unterrichts:<\/strong> Englisch<\/p><p dir=\"auto\"><strong>Zertifizierung:<\/strong> <em>Zertifizierter Reformer Pilates Trainer (von THE X STRENGTH METHOD)<\/em><\/p>\t\t\t\t\t\t\t\t<\/div>\n\t\t\t\t<\/div>\n\t\t\t\t<div class=\"elementor-element elementor-element-16fd56b elementor-widget elementor-widget-button\" data-id=\"16fd56b\" data-element_type=\"widget\" data-e-type=\"widget\" data-widget_type=\"button.default\">\n\t\t\t\t<div class=\"elementor-widget-container\">\n\t\t\t\t\t\t\t\t\t<div class=\"elementor-button-wrapper\">\n\t\t\t\t\t<a class=\"elementor-button elementor-button-link elementor-size-sm\" href=\"https:\/\/backoffice.bsport.io\/m\/HERSPACE%20%7C%20K%C3%96NIGSPLATZ\/3475\/shop\/?isPreview=true&#038;tabSelected=3\" target=\"_blank\" rel=\"noopener\">\n\t\t\t\t\t\t<span class=\"elementor-button-content-wrapper\">\n\t\t\t\t\t\t\t\t\t<span class=\"elementor-button-text\">Anmeldung<\/span>\n\t\t\t\t\t<\/span>\n\t\t\t\t\t<\/a>\n\t\t\t\t<\/div>\n\t\t\t\t\t\t\t\t<\/div>\n\t\t\t\t<\/div>\n\t\t\t\t<\/div>\n\t\t\t\t<\/div>\n\t\t\t\t<\/div>\n\t\t","protected":false},"excerpt":{"rendered":"<p>REFORMER PILATES \u00d7 STRENGTH METHOD Anmeldung Was du lernst: Diese Ausbildung richtet sich an Frauen, die Reformer Pilates gr\u00fcndlich verstehen und selbstbewusst, strukturell und zeitgem\u00e4\u00df unterrichten m\u00f6chten. Sie lernen, sowohl grundlegende \u00dcbungen als auch komplexere Bewegungsabl\u00e4ufe genau zu analysieren, methodisch aufzubauen und klar zu instruieren &#8211; basierend auf der THE X STRENGTH METHOD. Das Ziel [&hellip;]<\/p>\n","protected":false},"author":4,"featured_media":0,"parent":0,"menu_order":0,"comment_status":"closed","ping_status":"closed","template":"","meta":{"_acf_changed":false,"footnotes":""},"class_list":["post-4318","page","type-page","status-publish","hentry"],"acf":[],"_links":{"self":[{"href":"https:\/\/herspace.studio\/de\/wp-json\/wp\/v2\/pages\/4318","targetHints":{"allow":["GET"]}}],"collection":[{"href":"https:\/\/herspace.studio\/de\/wp-json\/wp\/v2\/pages"}],"about":[{"href":"https:\/\/herspace.studio\/de\/wp-json\/wp\/v2\/types\/page"}],"author":[{"embeddable":true,"href":"https:\/\/herspace.studio\/de\/wp-json\/wp\/v2\/users\/4"}],"replies":[{"embeddable":true,"href":"https:\/\/herspace.studio\/de\/wp-json\/wp\/v2\/comments?post=4318"}],"version-history":[{"count":3,"href":"https:\/\/herspace.studio\/de\/wp-json\/wp\/v2\/pages\/4318\/revisions"}],"predecessor-version":[{"id":4958,"href":"https:\/\/herspace.studio\/de\/wp-json\/wp\/v2\/pages\/4318\/revisions\/4958"}],"wp:attachment":[{"href":"https:\/\/herspace.studio\/de\/wp-json\/wp\/v2\/media?parent=4318"}],"curies":[{"name":"wp","href":"https:\/\/api.w.org\/{rel}","templated":true}]}}