{"id":4314,"date":"2025-12-26T11:01:33","date_gmt":"2025-12-26T10:01:33","guid":{"rendered":"https:\/\/herspace.studio\/barre-x-strength-method\/"},"modified":"2026-03-17T17:12:28","modified_gmt":"2026-03-17T16:12:28","slug":"barre-x-strength-method","status":"publish","type":"page","link":"https:\/\/herspace.studio\/de\/barre-x-strength-method\/","title":{"rendered":"BARRE \u00d7 STRENGTH METHOD"},"content":{"rendered":"\t\t<div data-elementor-type=\"wp-page\" data-elementor-id=\"4314\" class=\"elementor elementor-4314 elementor-4242\" data-elementor-post-type=\"page\">\n\t\t\t\t<div class=\"elementor-element elementor-element-5f133bd e-flex e-con-boxed e-con e-parent\" data-id=\"5f133bd\" data-element_type=\"container\" data-e-type=\"container\">\n\t\t\t\t\t<div class=\"e-con-inner\">\n\t\t\t\t<div class=\"elementor-element elementor-element-adcd301 elementor-absolute elementor-widget elementor-widget-image\" data-id=\"adcd301\" data-element_type=\"widget\" data-e-type=\"widget\" data-settings=\"{&quot;_position&quot;:&quot;absolute&quot;}\" data-widget_type=\"image.default\">\n\t\t\t\t<div class=\"elementor-widget-container\">\n\t\t\t\t\t\t\t\t\t\t\t\t\t\t\t<img fetchpriority=\"high\" decoding=\"async\" width=\"800\" height=\"571\" src=\"https:\/\/herspace.studio\/wp-content\/uploads\/2025\/06\/herspace-presse-15-1024x731.jpg\" class=\"attachment-large size-large wp-image-2452\" alt=\"Bootcamp M\u00fcnchen Maxvorstadt\" srcset=\"https:\/\/herspace.studio\/wp-content\/uploads\/2025\/06\/herspace-presse-15-1024x731.jpg 1024w, https:\/\/herspace.studio\/wp-content\/uploads\/2025\/06\/herspace-presse-15-300x214.jpg 300w, https:\/\/herspace.studio\/wp-content\/uploads\/2025\/06\/herspace-presse-15-768x549.jpg 768w, https:\/\/herspace.studio\/wp-content\/uploads\/2025\/06\/herspace-presse-15-1536x1097.jpg 1536w, https:\/\/herspace.studio\/wp-content\/uploads\/2025\/06\/herspace-presse-15-2048x1463.jpg 2048w\" sizes=\"(max-width: 800px) 100vw, 800px\" \/>\t\t\t\t\t\t\t\t\t\t\t\t\t\t\t<\/div>\n\t\t\t\t<\/div>\n\t\t\t\t<div class=\"elementor-element elementor-element-959f06c elementor-widget elementor-widget-heading\" data-id=\"959f06c\" data-element_type=\"widget\" data-e-type=\"widget\" data-widget_type=\"heading.default\">\n\t\t\t\t<div class=\"elementor-widget-container\">\n\t\t\t\t\t<h2 class=\"elementor-heading-title elementor-size-default\">BARRE \u00d7 STRENGTH METHOD<\/h2>\t\t\t\t<\/div>\n\t\t\t\t<\/div>\n\t\t\t\t<div class=\"elementor-element elementor-element-9305141 elementor-widget elementor-widget-button\" data-id=\"9305141\" data-element_type=\"widget\" data-e-type=\"widget\" data-widget_type=\"button.default\">\n\t\t\t\t<div class=\"elementor-widget-container\">\n\t\t\t\t\t\t\t\t\t<div class=\"elementor-button-wrapper\">\n\t\t\t\t\t<a class=\"elementor-button elementor-button-link elementor-size-sm\" href=\"https:\/\/backoffice.bsport.io\/m\/HERSPACE%20%7C%20K%C3%96NIGSPLATZ\/3475\/shop\/?isPreview=true&#038;tabSelected=3\" target=\"_blank\" rel=\"noopener\">\n\t\t\t\t\t\t<span class=\"elementor-button-content-wrapper\">\n\t\t\t\t\t\t\t\t\t<span class=\"elementor-button-text\">Anmeldung<\/span>\n\t\t\t\t\t<\/span>\n\t\t\t\t\t<\/a>\n\t\t\t\t<\/div>\n\t\t\t\t\t\t\t\t<\/div>\n\t\t\t\t<\/div>\n\t\t\t\t\t<\/div>\n\t\t\t\t<\/div>\n\t\t<div class=\"elementor-element elementor-element-30c6105 e-flex e-con-boxed e-con e-parent\" data-id=\"30c6105\" data-element_type=\"container\" data-e-type=\"container\" data-settings=\"{&quot;background_background&quot;:&quot;classic&quot;}\">\n\t\t\t\t\t<div class=\"e-con-inner\">\n\t\t\t\t<div class=\"elementor-element elementor-element-796ddfb elementor-widget elementor-widget-heading\" data-id=\"796ddfb\" data-element_type=\"widget\" data-e-type=\"widget\" data-widget_type=\"heading.default\">\n\t\t\t\t<div class=\"elementor-widget-container\">\n\t\t\t\t\t<h1 class=\"elementor-heading-title elementor-size-default\">Was du lernst:<\/h1>\t\t\t\t<\/div>\n\t\t\t\t<\/div>\n\t\t\t\t<div class=\"elementor-element elementor-element-487070a elementor-widget elementor-widget-text-editor\" data-id=\"487070a\" data-element_type=\"widget\" data-e-type=\"widget\" data-widget_type=\"text-editor.default\">\n\t\t\t\t<div class=\"elementor-widget-container\">\n\t\t\t\t\t\t\t\t\t<p id=\"viewer-5jpun127\" class=\"fxTZ7 fvFfv lRgAI xFml2\" dir=\"auto\"><span class=\"zzOoR\">Dieses Trainingsprogramm richtet sich an Frauen, die ein solides Verst\u00e4ndnis von Barre erlangen und kraftvolle, pr\u00e4zise und musikalische Kurse unterrichten m\u00f6chten.<\/span><\/p><p id=\"viewer-5nmo2129\" class=\"fxTZ7 fvFfv lRgAI xFml2\" dir=\"auto\"><span class=\"zzOoR\">Du lernst, klassische Barre-Elemente mit funktionellem Krafttraining zu kombinieren, Bewegungsabl\u00e4ufe klar zu strukturieren und effektiv zu cuen &#8211; basierend auf <strong>THE X STRENGTH METHOD<\/strong>.<\/span><\/p><p id=\"viewer-uiwnp133\" class=\"fxTZ7 fvFfv lRgAI xFml2\" dir=\"auto\"><span class=\"zzOoR\">Das Ziel dieser Schulung ist es, Ihnen alle notwendigen F\u00e4higkeiten zu vermitteln, um qualitativ hochwertige, dynamische und gut strukturierte Barre-Kurse professionell zu planen und durchzuf\u00fchren.<\/span><\/p>\t\t\t\t\t\t\t\t<\/div>\n\t\t\t\t<\/div>\n\t\t\t\t\t<\/div>\n\t\t\t\t<\/div>\n\t\t<div class=\"elementor-element elementor-element-1f34180 e-flex e-con-boxed e-con e-parent\" data-id=\"1f34180\" data-element_type=\"container\" data-e-type=\"container\">\n\t\t\t\t\t<div class=\"e-con-inner\">\n\t\t\t\t<div class=\"elementor-element elementor-element-b537a47 elementor-widget elementor-widget-heading\" data-id=\"b537a47\" data-element_type=\"widget\" data-e-type=\"widget\" data-widget_type=\"heading.default\">\n\t\t\t\t<div class=\"elementor-widget-container\">\n\t\t\t\t\t<h1 class=\"elementor-heading-title elementor-size-default\">Inhalt und Module:\n\n<\/h1>\t\t\t\t<\/div>\n\t\t\t\t<\/div>\n\t\t\t\t\t<\/div>\n\t\t\t\t<\/div>\n\t\t<div class=\"elementor-element elementor-element-4fe8a6f e-con-full e-flex e-con e-parent\" data-id=\"4fe8a6f\" data-element_type=\"container\" data-e-type=\"container\" data-settings=\"{&quot;background_background&quot;:&quot;classic&quot;}\">\n\t\t<div class=\"elementor-element elementor-element-4ca0e1d e-con-full e-flex e-con e-child\" data-id=\"4ca0e1d\" data-element_type=\"container\" data-e-type=\"container\">\n\t\t<div class=\"elementor-element elementor-element-14ae362 e-con-full e-flex e-con e-child\" data-id=\"14ae362\" data-element_type=\"container\" data-e-type=\"container\">\n\t\t\t\t<div class=\"elementor-element elementor-element-894643a eyebrow elementor-widget elementor-widget-text-editor\" data-id=\"894643a\" data-element_type=\"widget\" data-e-type=\"widget\" data-widget_type=\"text-editor.default\">\n\t\t\t\t<div class=\"elementor-widget-container\">\n\t\t\t\t\t\t\t\t\t<p>MODUL 1<\/p>\t\t\t\t\t\t\t\t<\/div>\n\t\t\t\t<\/div>\n\t\t\t\t<div class=\"elementor-element elementor-element-1a4b2d0 elementor-widget elementor-widget-heading\" data-id=\"1a4b2d0\" data-element_type=\"widget\" data-e-type=\"widget\" data-widget_type=\"heading.default\">\n\t\t\t\t<div class=\"elementor-widget-container\">\n\t\t\t\t\t<h2 class=\"elementor-heading-title elementor-size-default\">Fundamente<\/h2>\t\t\t\t<\/div>\n\t\t\t\t<\/div>\n\t\t\t\t<div class=\"elementor-element elementor-element-6c1067f elementor-widget-tablet__width-initial elementor-widget elementor-widget-text-editor\" data-id=\"6c1067f\" data-element_type=\"widget\" data-e-type=\"widget\" data-widget_type=\"text-editor.default\">\n\t\t\t\t<div class=\"elementor-widget-container\">\n\t\t\t\t\t\t\t\t\t<ul class=\"T3-vm lRgAI\"><li class=\"syYPV\" dir=\"auto\" aria-level=\"1\"><p id=\"viewer-er9id141\" class=\"fxTZ7 fvFfv lRgAI xFml2\" dir=\"\"><span class=\"zzOoR\">Grundlagen der THE X STRENGTH METHOD<\/span><\/p><\/li><li class=\"syYPV\" dir=\"auto\" aria-level=\"1\"><p id=\"viewer-j7fy9144\" class=\"fxTZ7 fvFfv lRgAI xFml2\" dir=\"\"><span class=\"zzOoR\">Anatomie, Physiologie und Trainingswissenschaft in der Praxis angewandt<\/span><\/p><\/li><li class=\"syYPV\" dir=\"auto\" aria-level=\"1\"><p id=\"viewer-6q5n4147\" class=\"fxTZ7 fvFfv lRgAI xFml2\" dir=\"\"><span class=\"zzOoR\">Technische Grundlagen des Barre (K\u00f6rperhaltung, Ausrichtung, Bewegungsqualit\u00e4t)<\/span><\/p><\/li><\/ul>\t\t\t\t\t\t\t\t<\/div>\n\t\t\t\t<\/div>\n\t\t\t\t<\/div>\n\t\t\t\t<\/div>\n\t\t<div class=\"elementor-element elementor-element-518f9a4 e-con-full e-flex e-con e-child\" data-id=\"518f9a4\" data-element_type=\"container\" data-e-type=\"container\">\n\t\t<div class=\"elementor-element elementor-element-c187e1f e-con-full e-flex e-con e-child\" data-id=\"c187e1f\" data-element_type=\"container\" data-e-type=\"container\">\n\t\t\t\t<div class=\"elementor-element elementor-element-bf6ac65 eyebrow elementor-widget elementor-widget-text-editor\" data-id=\"bf6ac65\" data-element_type=\"widget\" data-e-type=\"widget\" data-widget_type=\"text-editor.default\">\n\t\t\t\t<div class=\"elementor-widget-container\">\n\t\t\t\t\t\t\t\t\t<p>MODUL 2<\/p>\t\t\t\t\t\t\t\t<\/div>\n\t\t\t\t<\/div>\n\t\t\t\t<div class=\"elementor-element elementor-element-15aa819 elementor-widget elementor-widget-heading\" data-id=\"15aa819\" data-element_type=\"widget\" data-e-type=\"widget\" data-widget_type=\"heading.default\">\n\t\t\t\t<div class=\"elementor-widget-container\">\n\t\t\t\t\t<h2 class=\"elementor-heading-title elementor-size-default\">Fortgeschrittene und Lehre<\/h2>\t\t\t\t<\/div>\n\t\t\t\t<\/div>\n\t\t\t\t<div class=\"elementor-element elementor-element-c648113 elementor-widget elementor-widget-text-editor\" data-id=\"c648113\" data-element_type=\"widget\" data-e-type=\"widget\" data-widget_type=\"text-editor.default\">\n\t\t\t\t<div class=\"elementor-widget-container\">\n\t\t\t\t\t\t\t\t\t<ul class=\"T3-vm lRgAI\"><li class=\"syYPV\" dir=\"auto\" aria-level=\"1\"><p id=\"viewer-klaaj156\" class=\"fxTZ7 fvFfv lRgAI xFml2\" dir=\"\"><span class=\"zzOoR\">Erweiterte Barre-Sequenzen und intelligente Sequenzierung<\/span><\/p><\/li><li class=\"syYPV\" dir=\"auto\" aria-level=\"1\"><p id=\"viewer-ioog7159\" class=\"fxTZ7 fvFfv lRgAI xFml2\" dir=\"\"><span class=\"zzOoR\">Didaktische F\u00e4higkeiten, Cueing und Pr\u00e4senz des Lehrers<\/span><\/p><\/li><li class=\"syYPV\" dir=\"auto\" aria-level=\"1\"><p id=\"viewer-7mfm0162\" class=\"fxTZ7 fvFfv lRgAI xFml2\" dir=\"\"><span class=\"zzOoR\">Musikalit\u00e4t, Rhythmus und Fluss in Barre-Kursen<\/span><\/p><\/li><li><span class=\"zzOoR\">Anf\u00e4ngerlevel und grundlegendes Barre-Repertoire<\/span><\/li><\/ul>\t\t\t\t\t\t\t\t<\/div>\n\t\t\t\t<\/div>\n\t\t\t\t<\/div>\n\t\t\t\t<\/div>\n\t\t<div class=\"elementor-element elementor-element-3c21edd e-con-full e-flex e-con e-child\" data-id=\"3c21edd\" data-element_type=\"container\" data-e-type=\"container\">\n\t\t<div class=\"elementor-element elementor-element-87d7caf e-con-full e-flex e-con e-child\" data-id=\"87d7caf\" data-element_type=\"container\" data-e-type=\"container\">\n\t\t\t\t<div class=\"elementor-element elementor-element-6746e3b eyebrow elementor-widget elementor-widget-text-editor\" data-id=\"6746e3b\" data-element_type=\"widget\" data-e-type=\"widget\" data-widget_type=\"text-editor.default\">\n\t\t\t\t<div class=\"elementor-widget-container\">\n\t\t\t\t\t\t\t\t\t<p>MODUL 3<\/p>\t\t\t\t\t\t\t\t<\/div>\n\t\t\t\t<\/div>\n\t\t\t\t<div class=\"elementor-element elementor-element-0e6e53d elementor-widget elementor-widget-heading\" data-id=\"0e6e53d\" data-element_type=\"widget\" data-e-type=\"widget\" data-widget_type=\"heading.default\">\n\t\t\t\t<div class=\"elementor-widget-container\">\n\t\t\t\t\t<h2 class=\"elementor-heading-title elementor-size-default\">\u00dcbung und Beherrschung<\/h2>\t\t\t\t<\/div>\n\t\t\t\t<\/div>\n\t\t\t\t<div class=\"elementor-element elementor-element-816ba1d elementor-widget elementor-widget-text-editor\" data-id=\"816ba1d\" data-element_type=\"widget\" data-e-type=\"widget\" data-widget_type=\"text-editor.default\">\n\t\t\t\t<div class=\"elementor-widget-container\">\n\t\t\t\t\t\t\t\t\t<ul class=\"T3-vm lRgAI\"><li class=\"syYPV\" dir=\"auto\" aria-level=\"1\"><p id=\"viewer-es9ql168\" class=\"fxTZ7 fvFfv lRgAI xFml2\" dir=\"\"><span class=\"zzOoR\">Lehrlabor und Peer Teaching<\/span><\/p><\/li><li class=\"syYPV\" dir=\"auto\" aria-level=\"1\"><p id=\"viewer-c6qg3171\" class=\"fxTZ7 fvFfv lRgAI xFml2\" dir=\"\"><span class=\"zzOoR\">Entwicklung eines eigenen Konzepts f\u00fcr Barre-Kurse<\/span><\/p><\/li><li class=\"syYPV\" dir=\"auto\" aria-level=\"1\"><p id=\"viewer-sj64x174\" class=\"fxTZ7 fvFfv lRgAI xFml2\" dir=\"\"><span class=\"zzOoR\">Pr\u00fcfungsvorbereitung<\/span><\/p><\/li><\/ul>\t\t\t\t\t\t\t\t<\/div>\n\t\t\t\t<\/div>\n\t\t\t\t<\/div>\n\t\t\t\t<\/div>\n\t\t\t\t<\/div>\n\t\t<div class=\"elementor-element elementor-element-1a6ead6 e-con-full e-flex e-con e-parent\" data-id=\"1a6ead6\" data-element_type=\"container\" data-e-type=\"container\">\n\t\t<div class=\"elementor-element elementor-element-8a8c82e e-con-full custom-stack e-flex e-con e-child\" data-id=\"8a8c82e\" data-element_type=\"container\" data-e-type=\"container\">\n\t\t\t\t<div class=\"elementor-element elementor-element-1d2917e elementor-widget__width-inherit elementor-widget elementor-widget-heading\" data-id=\"1d2917e\" data-element_type=\"widget\" data-e-type=\"widget\" data-widget_type=\"heading.default\">\n\t\t\t\t<div class=\"elementor-widget-container\">\n\t\t\t\t\t<h2 class=\"elementor-heading-title elementor-size-default\">Praxis, Selbststudium und Lehrpraxis<\/h2>\t\t\t\t<\/div>\n\t\t\t\t<\/div>\n\t\t\t\t<div class=\"elementor-element elementor-element-d115675 elementor-widget__width-inherit elementor-widget elementor-widget-text-editor\" data-id=\"d115675\" data-element_type=\"widget\" data-e-type=\"widget\" data-widget_type=\"text-editor.default\">\n\t\t\t\t<div class=\"elementor-widget-container\">\n\t\t\t\t\t\t\t\t\t<p id=\"viewer-hi3qp178\" class=\"fxTZ7 fvFfv lRgAI xFml2\" dir=\"auto\"><span class=\"zzOoR\">Die Schulung kombiniert pers\u00f6nliche Module mit unabh\u00e4ngiger Praxis und Selbststudium.<\/span><\/p>\n<p><\/p>\n<p dir=\"auto\"><strong>3 Wochenendmodule in Pr\u00e4senz<\/strong><\/p>\n<p id=\"viewer-i0ona180\" class=\"fxTZ7 fvFfv lRgAI xFml2\" dir=\"auto\"><span class=\"zzOoR\"><strong>Beobachtungsstunden: <\/strong>30 Stunden Beobachtung von Barre-Kursen und Unterrichtserfahrung mit erfahrenen Ausbildern<\/span><\/p>\n<p id=\"viewer-e43uk183\" class=\"fxTZ7 fvFfv lRgAI xFml2\" dir=\"auto\"><span class=\"zzOoR\"><strong>Unterrichtspraxis: <\/strong>15 Stunden selbst\u00e4ndiges und beaufsichtigtes Unterrichten von Barre-Kursen in unseren Studios, basierend auf zuvor eingereichten und genehmigten Kurspl\u00e4nen, gefolgt von Feedback.<\/span><\/p>\n<p id=\"viewer-0pd8u186\" class=\"fxTZ7 fvFfv lRgAI xFml2\" dir=\"auto\"><span class=\"zzOoR\"><strong>Selbststudium und Praxis: <\/strong>Selbst\u00e4ndiges Training, Reflexions\u00fcbungen, Vor- und Nachbereitung von Modulen, Entwicklung von Unterrichtspl\u00e4nen und Vorbereitung auf die Unterrichtspraxis und die abschlie\u00dfende Beurteilung.<\/span><\/p>\n<div dir=\"auto\"><strong>Pr\u00fcfung<\/strong>: 1 Stunde Unterrichten einer Klasse im HERSPACE Studio<\/div>\n<h2 id=\"viewer-s1aq6189\" class=\"ZV2Il VTRRk lRgAI xFml2\" dir=\"auto\"><span class=\"ik3-v\">Umfang und Dauer der Schulung<\/span><\/h2>\n<p id=\"viewer-935lm191\" class=\"fxTZ7 fvFfv lRgAI xFml2\" dir=\"auto\"><span class=\"zzOoR\"><strong>Total scope:<\/strong>&nbsp;150 hours<\/span><\/p>\n<p id=\"viewer-r7edx194\" class=\"fxTZ7 fvFfv lRgAI xFml2\" dir=\"auto\"><span class=\"zzOoR\"><strong>Pers\u00f6nliche Module: <\/strong>3 Wochenenden (Samstag und Sonntag, 9:00 &#8211; 18:00 Uhr, einschlie\u00dflich einer 1-st\u00fcndigen Mittagspause)<\/span><\/p>\n<p id=\"viewer-jxth5197\" class=\"fxTZ7 fvFfv lRgAI xFml2\" dir=\"auto\"><span class=\"zzOoR\"><strong>Dauer: <\/strong>Je nach individuellem Fortschritt, mindestens 3 bis 6 Monate neben der Arbeit<\/span><\/p>\n<div id=\"viewer-ibqwe1182\" class=\"fxTZ7 fvFfv lRgAI xFml2\" dir=\"auto\"><span class=\"zzOoR\">&nbsp;<\/span><\/div>\n<h2 id=\"viewer-5uj1r200\" class=\"ZV2Il VTRRk lRgAI xFml2\" dir=\"auto\"><span class=\"ik3-v\">Pers\u00f6nliche Termine 2026 &#8211; Barre<\/span><\/h2>\n<ul class=\"T3-vm lRgAI\">\n<li class=\"syYPV\" dir=\"auto\" aria-level=\"1\">\n<p id=\"viewer-dbkwf204\" class=\"fxTZ7 fvFfv lRgAI xFml2\" dir=\"\"><span class=\"zzOoR\"><strong>April 18 und April 19, 2026<\/strong><\/span><\/p>\n<\/li>\n<li class=\"syYPV\" dir=\"auto\" aria-level=\"1\">\n<p id=\"viewer-0gvr2207\" class=\"fxTZ7 fvFfv lRgAI xFml2\" dir=\"\"><strong>Mai 02 und Mai 03, 2026<\/strong><\/p>\n<\/li>\n<li class=\"syYPV\" dir=\"auto\" aria-level=\"1\">\n<p id=\"viewer-c5b9w210\" class=\"fxTZ7 fvFfv lRgAI xFml2\" dir=\"\"><strong>Juni 06 und Juni 07, 2026<\/strong><\/p>\n<\/li>\n<\/ul>\n<p id=\"viewer-yjir7212\" class=\"fxTZ7 fvFfv lRgAI xFml2\" dir=\"auto\"><span class=\"zzOoR\"><strong>Zeitplan<\/strong>: Samstag und Sonntag von 9:00 bis 13:00 Uhr und von 14:00 bis 18:00 Uhr.<\/span><\/p>\n<h2 id=\"viewer-amaw3218\" class=\"ZV2Il VTRRk lRgAI xFml2\" dir=\"auto\"><span class=\"ik3-v\">Zugangsvoraussetzungen<\/span><\/h2>\n<ul class=\"T3-vm lRgAI\">\n<li class=\"syYPV\" dir=\"auto\" aria-level=\"1\">\n<p id=\"viewer-g0muv222\" class=\"fxTZ7 fvFfv lRgAI xFml2\" dir=\"\"><span class=\"zzOoR\">Erfahrung in Barre, Tanz oder funktionellem Training ist von Vorteil<\/span><\/p>\n<\/li>\n<li class=\"syYPV\" dir=\"auto\" aria-level=\"1\">\n<p id=\"viewer-aulaw225\" class=\"fxTZ7 fvFfv lRgAI xFml2\" dir=\"\"><span class=\"zzOoR\">Einf\u00fchlungsverm\u00f6gen, Zuverl\u00e4ssigkeit und pers\u00f6nliche Verantwortung<\/span><\/p>\n<\/li>\n<li class=\"syYPV\" dir=\"auto\" aria-level=\"1\">\n<p id=\"viewer-f431h228\" class=\"fxTZ7 fvFfv lRgAI xFml2\" dir=\"\"><span class=\"zzOoR\">Motivation, Barre Kurse professionell und sicher zu unterrichten &#8211; vorzugsweise in unseren Studios<\/span><\/p>\n<div id=\"viewer-h4alq1745\" class=\"fxTZ7 fvFfv lRgAI xFml2\" dir=\"\"><span class=\"zzOoR\">&nbsp;<\/span><\/div>\n<\/li>\n<\/ul>\n<h2 id=\"viewer-2m088230\" class=\"ZV2Il VTRRk lRgAI xFml2\" dir=\"auto\"><span class=\"ik3-v\">Deine Vorteile<\/span><\/h2>\n<ul class=\"T3-vm lRgAI\">\n<li class=\"syYPV\" dir=\"auto\" aria-level=\"1\">\n<p id=\"viewer-zohy8234\" class=\"fxTZ7 fvFfv lRgAI xFml2\" dir=\"\"><span class=\"zzOoR\">Praxisorientiertes und intensives Training mit drei Modulen, die pers\u00f6nlich stattfinden<\/span><\/p>\n<\/li>\n<li class=\"syYPV\" dir=\"auto\" aria-level=\"1\">\n<p id=\"viewer-yvil7237\" class=\"fxTZ7 fvFfv lRgAI xFml2\" dir=\"\"><span class=\"zzOoR\">Kostenlose Nutzung der Studios f\u00fcr Personal Training und Kursvorbereitung<\/span><\/p>\n<\/li>\n<li class=\"syYPV\" dir=\"auto\" aria-level=\"1\">\n<p id=\"viewer-ymzau240\" class=\"fxTZ7 fvFfv lRgAI xFml2\" dir=\"\"><span class=\"zzOoR\">Klare Entwicklung von F\u00e4higkeiten statt eines losen \u00dcbungsrepertoires<\/span><\/p>\n<\/li>\n<li class=\"syYPV\" dir=\"auto\" aria-level=\"1\">\n<p id=\"viewer-xgwsv243\" class=\"fxTZ7 fvFfv lRgAI xFml2\" dir=\"\"><span class=\"zzOoR\">M\u00f6glichkeit, nach erfolgreichem Abschluss in unseren Studios zu unterrichten<\/span><\/p>\n<\/li>\n<li class=\"syYPV\" dir=\"auto\" aria-level=\"1\">\n<p id=\"viewer-awcgb246\" class=\"fxTZ7 fvFfv lRgAI xFml2\" dir=\"\"><span class=\"zzOoR\">Starkes Potenzial f\u00fcr eine schnelle Kapitalrendite<\/span><\/p>\n<div id=\"viewer-gzma41889\" class=\"fxTZ7 fvFfv lRgAI xFml2\" dir=\"\"><span class=\"zzOoR\">&nbsp;<\/span><\/div>\n<\/li>\n<\/ul>\n<h2 id=\"viewer-islv0248\" class=\"ZV2Il VTRRk lRgAI xFml2\" dir=\"auto\"><span class=\"ik3-v\">Kosten und Registrierung<\/span><\/h2>\n<p id=\"viewer-5ce23250\" class=\"fxTZ7 fvFfv lRgAI xFml2\" dir=\"auto\"><strong>Preis: <\/strong>1.850\u20ac<\/p>\n<p id=\"viewer-7t9c1255\" class=\"fxTZ7 fvFfv lRgAI xFml2\" dir=\"auto\"><span class=\"zzOoR\"><strong>Examensgeb\u00fchr: <\/strong>\u20ac120<\/span><\/p>\n<div id=\"viewer-t9kan2102\" class=\"fxTZ7 fvFfv lRgAI xFml2\" dir=\"auto\"><span class=\"zzOoR\">&nbsp;<\/span><\/div>\n<h2 id=\"viewer-mii47258\" class=\"ZV2Il VTRRk lRgAI xFml2\" dir=\"auto\"><span class=\"ik3-v\">Sprache und Zertifizierung<\/span><\/h2>\n<p id=\"viewer-xozkm260\" class=\"fxTZ7 fvFfv lRgAI xFml2\" dir=\"auto\"><span class=\"zzOoR\"><strong>Unterrichtssprache: <\/strong>English<\/span><\/p>\n<p id=\"viewer-aunt62174\" class=\"fxTZ7 fvFfv lRgAI xFml2\" dir=\"auto\"><span class=\"zzOoR\"><strong>Zertifizierung: <\/strong><em>Certified Barre Trainer (by THE X STRENGTH METHOD)<\/em><\/span><\/p>\t\t\t\t\t\t\t\t<\/div>\n\t\t\t\t<\/div>\n\t\t\t\t<div class=\"elementor-element elementor-element-08eb6ce elementor-widget elementor-widget-button\" data-id=\"08eb6ce\" data-element_type=\"widget\" data-e-type=\"widget\" data-widget_type=\"button.default\">\n\t\t\t\t<div class=\"elementor-widget-container\">\n\t\t\t\t\t\t\t\t\t<div class=\"elementor-button-wrapper\">\n\t\t\t\t\t<a class=\"elementor-button elementor-button-link elementor-size-sm\" href=\"https:\/\/backoffice.bsport.io\/m\/HERSPACE%20%7C%20K%C3%96NIGSPLATZ\/3475\/shop\/?isPreview=true&#038;tabSelected=3\" target=\"_blank\" rel=\"noopener\">\n\t\t\t\t\t\t<span class=\"elementor-button-content-wrapper\">\n\t\t\t\t\t\t\t\t\t<span class=\"elementor-button-text\">Sei dabei!<\/span>\n\t\t\t\t\t<\/span>\n\t\t\t\t\t<\/a>\n\t\t\t\t<\/div>\n\t\t\t\t\t\t\t\t<\/div>\n\t\t\t\t<\/div>\n\t\t\t\t<\/div>\n\t\t\t\t<\/div>\n\t\t\t\t<\/div>\n\t\t","protected":false},"excerpt":{"rendered":"<p>BARRE \u00d7 STRENGTH METHOD Anmeldung Was du lernst: Dieses Trainingsprogramm richtet sich an Frauen, die ein solides Verst\u00e4ndnis von Barre erlangen und kraftvolle, pr\u00e4zise und musikalische Kurse unterrichten m\u00f6chten. Du lernst, klassische Barre-Elemente mit funktionellem Krafttraining zu kombinieren, Bewegungsabl\u00e4ufe klar zu strukturieren und effektiv zu cuen &#8211; basierend auf THE X STRENGTH METHOD. Das Ziel [&hellip;]<\/p>\n","protected":false},"author":4,"featured_media":0,"parent":0,"menu_order":0,"comment_status":"closed","ping_status":"closed","template":"","meta":{"_acf_changed":false,"footnotes":""},"class_list":["post-4314","page","type-page","status-publish","hentry"],"acf":[],"_links":{"self":[{"href":"https:\/\/herspace.studio\/de\/wp-json\/wp\/v2\/pages\/4314","targetHints":{"allow":["GET"]}}],"collection":[{"href":"https:\/\/herspace.studio\/de\/wp-json\/wp\/v2\/pages"}],"about":[{"href":"https:\/\/herspace.studio\/de\/wp-json\/wp\/v2\/types\/page"}],"author":[{"embeddable":true,"href":"https:\/\/herspace.studio\/de\/wp-json\/wp\/v2\/users\/4"}],"replies":[{"embeddable":true,"href":"https:\/\/herspace.studio\/de\/wp-json\/wp\/v2\/comments?post=4314"}],"version-history":[{"count":7,"href":"https:\/\/herspace.studio\/de\/wp-json\/wp\/v2\/pages\/4314\/revisions"}],"predecessor-version":[{"id":4956,"href":"https:\/\/herspace.studio\/de\/wp-json\/wp\/v2\/pages\/4314\/revisions\/4956"}],"wp:attachment":[{"href":"https:\/\/herspace.studio\/de\/wp-json\/wp\/v2\/media?parent=4314"}],"curies":[{"name":"wp","href":"https:\/\/api.w.org\/{rel}","templated":true}]}}