{"id":3498,"date":"2025-09-25T15:23:14","date_gmt":"2025-09-25T13:23:14","guid":{"rendered":"https:\/\/herspace.studio\/kids-club\/"},"modified":"2025-10-15T12:04:51","modified_gmt":"2025-10-15T10:04:51","slug":"kids-club","status":"publish","type":"page","link":"https:\/\/herspace.studio\/de\/kids-club\/","title":{"rendered":"KIDS CLUB"},"content":{"rendered":"\t\t<div data-elementor-type=\"wp-page\" data-elementor-id=\"3498\" class=\"elementor elementor-3498 elementor-3036\" data-elementor-post-type=\"page\">\n\t\t\t\t<div class=\"elementor-element elementor-element-bec84ea e-flex e-con-boxed e-con e-parent\" data-id=\"bec84ea\" data-element_type=\"container\" data-e-type=\"container\" data-settings=\"{&quot;background_background&quot;:&quot;classic&quot;}\">\n\t\t\t\t\t<div class=\"e-con-inner\">\n\t\t\t\t<div class=\"elementor-element elementor-element-bf12613 elementor-absolute elementor-widget elementor-widget-image\" data-id=\"bf12613\" data-element_type=\"widget\" data-e-type=\"widget\" data-settings=\"{&quot;_position&quot;:&quot;absolute&quot;}\" data-widget_type=\"image.default\">\n\t\t\t\t<div class=\"elementor-widget-container\">\n\t\t\t\t\t\t\t\t\t\t\t\t\t\t\t<img fetchpriority=\"high\" decoding=\"async\" width=\"800\" height=\"377\" src=\"https:\/\/herspace.studio\/wp-content\/uploads\/2025\/03\/Herspace-Studio-Munich-Credits-1024x482.jpg\" class=\"attachment-large size-large wp-image-2354\" alt=\"\" srcset=\"https:\/\/herspace.studio\/wp-content\/uploads\/2025\/03\/Herspace-Studio-Munich-Credits-1024x482.jpg 1024w, https:\/\/herspace.studio\/wp-content\/uploads\/2025\/03\/Herspace-Studio-Munich-Credits-300x141.jpg 300w, https:\/\/herspace.studio\/wp-content\/uploads\/2025\/03\/Herspace-Studio-Munich-Credits-768x362.jpg 768w, https:\/\/herspace.studio\/wp-content\/uploads\/2025\/03\/Herspace-Studio-Munich-Credits-1536x723.jpg 1536w\" sizes=\"(max-width: 800px) 100vw, 800px\" \/>\t\t\t\t\t\t\t\t\t\t\t\t\t\t\t<\/div>\n\t\t\t\t<\/div>\n\t\t\t\t<div class=\"elementor-element elementor-element-0108993 elementor-align-center elementor-widget elementor-widget-button\" data-id=\"0108993\" data-element_type=\"widget\" data-e-type=\"widget\" data-widget_type=\"button.default\">\n\t\t\t\t<div class=\"elementor-widget-container\">\n\t\t\t\t\t\t\t\t\t<div class=\"elementor-button-wrapper\">\n\t\t\t\t\t<a class=\"elementor-button elementor-button-link elementor-size-sm\" href=\"https:\/\/enyq8o34cce.typeform.com\/to\/mEBLigA5\" target=\"_blank\" rel=\"noopener\">\n\t\t\t\t\t\t<span class=\"elementor-button-content-wrapper\">\n\t\t\t\t\t\t\t\t\t<span class=\"elementor-button-text\">Helfen Sie uns, unser Kinderprogramm zu gestalten!<\/span>\n\t\t\t\t\t<\/span>\n\t\t\t\t\t<\/a>\n\t\t\t\t<\/div>\n\t\t\t\t\t\t\t\t<\/div>\n\t\t\t\t<\/div>\n\t\t\t\t<div class=\"elementor-element elementor-element-e83ce9d elementor-widget__width-initial elementor-widget elementor-widget-heading\" data-id=\"e83ce9d\" data-element_type=\"widget\" data-e-type=\"widget\" data-widget_type=\"heading.default\">\n\t\t\t\t<div class=\"elementor-widget-container\">\n\t\t\t\t\t<h1 class=\"elementor-heading-title elementor-size-default\">UNSER KIDS CLUB<\/h1>\t\t\t\t<\/div>\n\t\t\t\t<\/div>\n\t\t<div class=\"elementor-element elementor-element-75ae5a4 e-con-full e-flex e-con e-child\" data-id=\"75ae5a4\" data-element_type=\"container\" data-e-type=\"container\">\n\t\t\t\t<\/div>\n\t\t\t\t\t<\/div>\n\t\t\t\t<\/div>\n\t\t<div class=\"elementor-element elementor-element-b6e0fcb e-flex e-con-boxed e-con e-parent\" data-id=\"b6e0fcb\" data-element_type=\"container\" data-e-type=\"container\">\n\t\t\t\t\t<div class=\"e-con-inner\">\n\t\t<div class=\"elementor-element elementor-element-0544ab7 e-con-full e-flex e-con e-child\" data-id=\"0544ab7\" data-element_type=\"container\" data-e-type=\"container\">\n\t\t\t\t<div class=\"elementor-element elementor-element-e71cf73 elementor-widget elementor-widget-image\" data-id=\"e71cf73\" data-element_type=\"widget\" data-e-type=\"widget\" data-widget_type=\"image.default\">\n\t\t\t\t<div class=\"elementor-widget-container\">\n\t\t\t\t\t\t\t\t\t\t\t\t\t\t\t<img decoding=\"async\" width=\"768\" height=\"1024\" src=\"https:\/\/herspace.studio\/wp-content\/uploads\/2025\/09\/IMG_0385-768x1024.jpg\" class=\"attachment-large size-large wp-image-3061\" alt=\"\" srcset=\"https:\/\/herspace.studio\/wp-content\/uploads\/2025\/09\/IMG_0385-768x1024.jpg 768w, https:\/\/herspace.studio\/wp-content\/uploads\/2025\/09\/IMG_0385-225x300.jpg 225w, https:\/\/herspace.studio\/wp-content\/uploads\/2025\/09\/IMG_0385-1152x1536.jpg 1152w, https:\/\/herspace.studio\/wp-content\/uploads\/2025\/09\/IMG_0385-1536x2048.jpg 1536w, https:\/\/herspace.studio\/wp-content\/uploads\/2025\/09\/IMG_0385-scaled.jpg 1920w\" sizes=\"(max-width: 768px) 100vw, 768px\" \/>\t\t\t\t\t\t\t\t\t\t\t\t\t\t\t<\/div>\n\t\t\t\t<\/div>\n\t\t\t\t<\/div>\n\t\t<div class=\"elementor-element elementor-element-064f751 e-con-full e-flex e-con e-child\" data-id=\"064f751\" data-element_type=\"container\" data-e-type=\"container\">\n\t\t<div class=\"elementor-element elementor-element-b7d69f5 e-con-full e-flex e-con e-child\" data-id=\"b7d69f5\" data-element_type=\"container\" data-e-type=\"container\">\n\t\t\t\t<div class=\"elementor-element elementor-element-0f0d448 elementor-widget elementor-widget-heading\" data-id=\"0f0d448\" data-element_type=\"widget\" data-e-type=\"widget\" data-widget_type=\"heading.default\">\n\t\t\t\t<div class=\"elementor-widget-container\">\n\t\t\t\t\t<h2 class=\"elementor-heading-title elementor-size-default\">Kinderkurse ab <br>im Oktober<\/h2>\t\t\t\t<\/div>\n\t\t\t\t<\/div>\n\t\t\t\t<\/div>\n\t\t<div class=\"elementor-element elementor-element-2459303 e-con-full e-flex e-con e-child\" data-id=\"2459303\" data-element_type=\"container\" data-e-type=\"container\">\n\t\t\t\t<div class=\"elementor-element elementor-element-149ba72 elementor-widget elementor-widget-text-editor\" data-id=\"149ba72\" data-element_type=\"widget\" data-e-type=\"widget\" data-widget_type=\"text-editor.default\">\n\t\t\t\t<div class=\"elementor-widget-container\">\n\t\t\t\t\t\t\t\t\t<p>Wir planen etwas Lustiges f\u00fcr die Kleinen!<\/p><p data-start=\"346\" data-end=\"588\">W\u00e4hrend Ihr <strong>Kind sich bewegt, tanzt und Spa\u00df mit Freunden hat<\/strong>, k\u00f6nnen Sie endlich Ihre wohlverdiente &#8222;Zeit f\u00fcr mich&#8220; genie\u00dfen. Nippen Sie an einem Smoothie, entspannen Sie sich bei einem Kaffee, erledigen Sie Ihre Arbeit oder nehmen Sie an einem <strong data-start=\"537\" data-end=\"563\">Reformer Pilates Kurs<\/strong> teil &#8211; Sie haben die Wahl. <\/p><p data-start=\"564\" data-end=\"783\">Bevor wir unser regul\u00e4res Programm starten, w\u00fcrden wir uns \u00fcber Ihren Beitrag freuen.  <\/p><p data-start=\"564\" data-end=\"783\">Nehmen Sie sich einen Moment Zeit, um das kurze Formular mit Ihren bevorzugten Tagen, Uhrzeiten und Kursarten auszuf\u00fcllen, damit wir den richtigen Stundenplan f\u00fcr Sie und Ihr Kind erstellen k\u00f6nnen.<\/p><p data-start=\"564\" data-end=\"783\">(Der Kinderkurs wird auf Deutsch sein)<\/p>\t\t\t\t\t\t\t\t<\/div>\n\t\t\t\t<\/div>\n\t\t\t\t<div class=\"elementor-element elementor-element-e334bc8 elementor-mobile-align-center elementor-align-center elementor-widget elementor-widget-button\" data-id=\"e334bc8\" data-element_type=\"widget\" data-e-type=\"widget\" data-widget_type=\"button.default\">\n\t\t\t\t<div class=\"elementor-widget-container\">\n\t\t\t\t\t\t\t\t\t<div class=\"elementor-button-wrapper\">\n\t\t\t\t\t<a class=\"elementor-button elementor-button-link elementor-size-sm\" href=\"http:\/\/kids@herspace.studio\">\n\t\t\t\t\t\t<span class=\"elementor-button-content-wrapper\">\n\t\t\t\t\t\t\t\t\t<span class=\"elementor-button-text\">F\u00fcllen Sie schnell dieses Formular aus<\/span>\n\t\t\t\t\t<\/span>\n\t\t\t\t\t<\/a>\n\t\t\t\t<\/div>\n\t\t\t\t\t\t\t\t<\/div>\n\t\t\t\t<\/div>\n\t\t\t\t<\/div>\n\t\t\t\t<\/div>\n\t\t\t\t\t<\/div>\n\t\t\t\t<\/div>\n\t\t<div class=\"elementor-element elementor-element-fc999f9 e-flex e-con-boxed e-con e-parent\" data-id=\"fc999f9\" data-element_type=\"container\" data-e-type=\"container\" data-settings=\"{&quot;background_background&quot;:&quot;classic&quot;}\">\n\t\t\t\t\t<div class=\"e-con-inner\">\n\t\t\t\t<div class=\"elementor-element elementor-element-ada2a4e elementor-widget elementor-widget-heading\" data-id=\"ada2a4e\" data-element_type=\"widget\" data-e-type=\"widget\" data-widget_type=\"heading.default\">\n\t\t\t\t<div class=\"elementor-widget-container\">\n\t\t\t\t\t<h2 class=\"elementor-heading-title elementor-size-default\">unsere Kinderkurse<\/h2>\t\t\t\t<\/div>\n\t\t\t\t<\/div>\n\t\t\t\t\t<\/div>\n\t\t\t\t<\/div>\n\t\t<div class=\"elementor-element elementor-element-01bbaf8 e-flex e-con-boxed e-con e-parent\" data-id=\"01bbaf8\" data-element_type=\"container\" data-e-type=\"container\">\n\t\t\t\t\t<div class=\"e-con-inner\">\n\t\t<div class=\"elementor-element elementor-element-1b727c1 e-con-full e-flex e-con e-child\" data-id=\"1b727c1\" data-element_type=\"container\" data-e-type=\"container\">\n\t\t\t\t<div class=\"elementor-element elementor-element-362a991 elementor-widget__width-initial elementor-widget elementor-widget-image\" data-id=\"362a991\" data-element_type=\"widget\" data-e-type=\"widget\" data-widget_type=\"image.default\">\n\t\t\t\t<div class=\"elementor-widget-container\">\n\t\t\t\t\t\t\t\t\t\t\t\t\t\t\t<img decoding=\"async\" width=\"800\" height=\"1000\" src=\"https:\/\/herspace.studio\/wp-content\/uploads\/2025\/09\/IG-Feed-30-819x1024.jpg\" class=\"attachment-large size-large wp-image-3065\" alt=\"\" srcset=\"https:\/\/herspace.studio\/wp-content\/uploads\/2025\/09\/IG-Feed-30-819x1024.jpg 819w, https:\/\/herspace.studio\/wp-content\/uploads\/2025\/09\/IG-Feed-30-240x300.jpg 240w, https:\/\/herspace.studio\/wp-content\/uploads\/2025\/09\/IG-Feed-30-768x960.jpg 768w, https:\/\/herspace.studio\/wp-content\/uploads\/2025\/09\/IG-Feed-30.jpg 1080w\" sizes=\"(max-width: 800px) 100vw, 800px\" \/>\t\t\t\t\t\t\t\t\t\t\t\t\t\t\t<\/div>\n\t\t\t\t<\/div>\n\t\t\t\t<\/div>\n\t\t<div class=\"elementor-element elementor-element-b61e3a9 e-con-full e-flex e-con e-child\" data-id=\"b61e3a9\" data-element_type=\"container\" data-e-type=\"container\">\n\t\t\t\t<div class=\"elementor-element elementor-element-f31a217 elementor-widget elementor-widget-heading\" data-id=\"f31a217\" data-element_type=\"widget\" data-e-type=\"widget\" data-widget_type=\"heading.default\">\n\t\t\t\t<div class=\"elementor-widget-container\">\n\t\t\t\t\t<h1 class=\"elementor-heading-title elementor-size-default\">Parkour f\u00fcr Kinder<\/h1>\t\t\t\t<\/div>\n\t\t\t\t<\/div>\n\t\t<div class=\"elementor-element elementor-element-8dc8529 e-con-full e-flex e-con e-child\" data-id=\"8dc8529\" data-element_type=\"container\" data-e-type=\"container\">\n\t\t\t\t<div class=\"elementor-element elementor-element-3fa7c9f elementor-widget elementor-widget-text-editor\" data-id=\"3fa7c9f\" data-element_type=\"widget\" data-e-type=\"widget\" data-widget_type=\"text-editor.default\">\n\t\t\t\t<div class=\"elementor-widget-container\">\n\t\t\t\t\t\t\t\t\t<p><span class=\"notion-enable-hover\" data-token-index=\"0\">mit Agnes in unserem STRENGTH CLUB<\/span><\/p>\t\t\t\t\t\t\t\t<\/div>\n\t\t\t\t<\/div>\n\t\t\t\t<div class=\"elementor-element elementor-element-7cc18dd elementor-widget elementor-widget-text-editor\" data-id=\"7cc18dd\" data-element_type=\"widget\" data-e-type=\"widget\" data-widget_type=\"text-editor.default\">\n\t\t\t\t<div class=\"elementor-widget-container\">\n\t\t\t\t\t\t\t\t\t<p>Unser Kinder-Parkour-Kurs l\u00e4dt junge Abenteurer ein, Bewegungsfreude, Mut und Teamgeist zu entdecken. In sicheren, kindgerechten Bahnen lernen die Kinder spielerisch H\u00fcrden zu \u00fcberwinden, Spring- und Gleichgewichts\u00fcbungen zu meistern und ihre Koordination zu verbessern. Unter Anleitung erfahrener Trainer trainieren wir Schritt f\u00fcr Schritt Kraft, Ausdauer und Reaktionsf\u00e4higkeit &#8211; immer mit einer positiven, motivierenden Atmosph\u00e4re.  <\/p><p><strong>Was die Kids erwartet: <\/strong>Spannende Parcours mit altersgerechten Stationen (Klettern, Balancieren, Springen, Slalom)<br>Kleine Wettk\u00e4mpfe in freundschaftlicher Atmosph\u00e4re<br>Fokus auf Sicherheit: Aufw\u00e4rmen, richtige Falltechniken und altersgerechte Regeln<br>F\u00f6rderung von Selbstvertrauen, Konzentration und Teamwork<br>Abwechslungsreiche Spiele und kreative Bewegungsaufgaben<\/p><p><strong>Geeignet f\u00fcr:<\/strong><br>M\u00e4dchen und Jungen, die Spa\u00df an Bewegung haben<\/p><p><strong>Geplante Tage ab Oktober:<\/strong><\/p><p>Mo: 14.15 &#8211; 15.05 Uhr und 15.15 &#8211; 16.05 Uhr<\/p><p>Di: 14.15 &#8211; 15.05 Uhr und 15.15 &#8211; 16.05 Uhr<\/p><p>Fr: 14.15 &#8211; 15.05 Uhr<\/p>\t\t\t\t\t\t\t\t<\/div>\n\t\t\t\t<\/div>\n\t\t\t\t<div class=\"elementor-element elementor-element-411d849 elementor-mobile-align-center elementor-widget elementor-widget-button\" data-id=\"411d849\" data-element_type=\"widget\" data-e-type=\"widget\" data-widget_type=\"button.default\">\n\t\t\t\t<div class=\"elementor-widget-container\">\n\t\t\t\t\t\t\t\t\t<div class=\"elementor-button-wrapper\">\n\t\t\t\t\t<a class=\"elementor-button elementor-button-link elementor-size-sm\" href=\"mailto:kids@herspace.studio\">\n\t\t\t\t\t\t<span class=\"elementor-button-content-wrapper\">\n\t\t\t\t\t\t\t\t\t<span class=\"elementor-button-text\">Direkt per Mail anmelden<\/span>\n\t\t\t\t\t<\/span>\n\t\t\t\t\t<\/a>\n\t\t\t\t<\/div>\n\t\t\t\t\t\t\t\t<\/div>\n\t\t\t\t<\/div>\n\t\t\t\t<div class=\"elementor-element elementor-element-9e91c56 elementor-mobile-align-center elementor-widget elementor-widget-button\" data-id=\"9e91c56\" data-element_type=\"widget\" data-e-type=\"widget\" data-widget_type=\"button.default\">\n\t\t\t\t<div class=\"elementor-widget-container\">\n\t\t\t\t\t\t\t\t\t<div class=\"elementor-button-wrapper\">\n\t\t\t\t\t<a class=\"elementor-button elementor-button-link elementor-size-sm\" href=\"http:\/\/kids@herspace.studio\">\n\t\t\t\t\t\t<span class=\"elementor-button-content-wrapper\">\n\t\t\t\t\t\t\t\t\t<span class=\"elementor-button-text\">helfen Sie uns bei der Gestaltung der Kurse<\/span>\n\t\t\t\t\t<\/span>\n\t\t\t\t\t<\/a>\n\t\t\t\t<\/div>\n\t\t\t\t\t\t\t\t<\/div>\n\t\t\t\t<\/div>\n\t\t\t\t<\/div>\n\t\t\t\t<\/div>\n\t\t\t\t\t<\/div>\n\t\t\t\t<\/div>\n\t\t<div class=\"elementor-element elementor-element-8829836 e-flex e-con-boxed e-con e-parent\" data-id=\"8829836\" data-element_type=\"container\" data-e-type=\"container\">\n\t\t\t\t\t<div class=\"e-con-inner\">\n\t\t<div class=\"elementor-element elementor-element-23bd2b2 e-con-full e-flex e-con e-child\" data-id=\"23bd2b2\" data-element_type=\"container\" data-e-type=\"container\">\n\t\t\t\t<div class=\"elementor-element elementor-element-e84e99f elementor-widget__width-initial elementor-widget elementor-widget-image\" data-id=\"e84e99f\" data-element_type=\"widget\" data-e-type=\"widget\" data-widget_type=\"image.default\">\n\t\t\t\t<div class=\"elementor-widget-container\">\n\t\t\t\t\t\t\t\t\t\t\t\t\t\t\t<img loading=\"lazy\" decoding=\"async\" width=\"800\" height=\"1000\" src=\"https:\/\/herspace.studio\/wp-content\/uploads\/2025\/09\/IG-Feed-29-819x1024.jpg\" class=\"attachment-large size-large wp-image-3063\" alt=\"\" srcset=\"https:\/\/herspace.studio\/wp-content\/uploads\/2025\/09\/IG-Feed-29-819x1024.jpg 819w, https:\/\/herspace.studio\/wp-content\/uploads\/2025\/09\/IG-Feed-29-240x300.jpg 240w, https:\/\/herspace.studio\/wp-content\/uploads\/2025\/09\/IG-Feed-29-768x960.jpg 768w, https:\/\/herspace.studio\/wp-content\/uploads\/2025\/09\/IG-Feed-29.jpg 1080w\" sizes=\"(max-width: 800px) 100vw, 800px\" \/>\t\t\t\t\t\t\t\t\t\t\t\t\t\t\t<\/div>\n\t\t\t\t<\/div>\n\t\t\t\t<\/div>\n\t\t<div class=\"elementor-element elementor-element-7a7ce76 e-con-full e-flex e-con e-child\" data-id=\"7a7ce76\" data-element_type=\"container\" data-e-type=\"container\">\n\t\t<div class=\"elementor-element elementor-element-3996312 e-con-full e-flex e-con e-child\" data-id=\"3996312\" data-element_type=\"container\" data-e-type=\"container\">\n\t\t\t\t<div class=\"elementor-element elementor-element-c37a39a elementor-widget elementor-widget-heading\" data-id=\"c37a39a\" data-element_type=\"widget\" data-e-type=\"widget\" data-widget_type=\"heading.default\">\n\t\t\t\t<div class=\"elementor-widget-container\">\n\t\t\t\t\t<h1 class=\"elementor-heading-title elementor-size-default\">Kinderballett<\/h1>\t\t\t\t<\/div>\n\t\t\t\t<\/div>\n\t\t\t\t<div class=\"elementor-element elementor-element-7a2513e elementor-widget elementor-widget-text-editor\" data-id=\"7a2513e\" data-element_type=\"widget\" data-e-type=\"widget\" data-widget_type=\"text-editor.default\">\n\t\t\t\t<div class=\"elementor-widget-container\">\n\t\t\t\t\t\t\t\t\t<p><span class=\"notion-enable-hover\" data-token-index=\"0\">mit Anna in unserem SAFESPACE<\/span><\/p>\t\t\t\t\t\t\t\t<\/div>\n\t\t\t\t<\/div>\n\t\t\t\t<div class=\"elementor-element elementor-element-eaff78b elementor-widget elementor-widget-text-editor\" data-id=\"eaff78b\" data-element_type=\"widget\" data-e-type=\"widget\" data-widget_type=\"text-editor.default\">\n\t\t\t\t<div class=\"elementor-widget-container\">\n\t\t\t\t\t\t\t\t\t<p>Hier werden den Kindern ihrem Alter entsprechend erste Elemente des klassischen Balletts vermittelt.  <br>Gleichzeitig sollen Koordination, Musikalit\u00e4t und Rhythmusgef\u00fchl geschult werden.  <br>Ein wichtiger Teil des Unterrichts ist es, die Kreativit\u00e4t der Kinder zu f\u00f6rdern. Das bedeutet, dass sie mithilfe von Geschichten oder Bildern angeregt werden, eigene Bewegungen zu entwickeln, und so die M\u00f6glichkeit erhalten, ihr Bewegungsspektrum frei zu entfalten. <\/p><p>Der Kids Club mit Fokus Ballett ist spielerisch gestaltet, um die Kinder im Alter von 4-6 Jahren nicht zu \u00fcberfordern und ihnen die Freude auf das Training ab 6 Jahren an der Ballettstange zu vermitteln.  <br>Gleichzeitig werden sie behutsam auf den strukturierten Unterricht im klassischen Ballett vorbereitet.<\/p><p><strong>Geplante Tage ab Oktober:<\/strong><br>Mo: 15.15 &#8211; 16.05 Uhr und 16.10 &#8211; 17.00 Uhr<\/p><p>Di: 15.15 -16.05 Uhr und 16.10 &#8211; 17.00 Uhr<\/p><p>Fr: 15.15 -16.05 Uhr und 16.10 &#8211; 17.00 Uhr<\/p>\t\t\t\t\t\t\t\t<\/div>\n\t\t\t\t<\/div>\n\t\t\t\t<div class=\"elementor-element elementor-element-5f49def elementor-mobile-align-center elementor-widget elementor-widget-button\" data-id=\"5f49def\" data-element_type=\"widget\" data-e-type=\"widget\" data-widget_type=\"button.default\">\n\t\t\t\t<div class=\"elementor-widget-container\">\n\t\t\t\t\t\t\t\t\t<div class=\"elementor-button-wrapper\">\n\t\t\t\t\t<a class=\"elementor-button elementor-button-link elementor-size-sm\" href=\"mailto:kids@herspace.studio\">\n\t\t\t\t\t\t<span class=\"elementor-button-content-wrapper\">\n\t\t\t\t\t\t\t\t\t<span class=\"elementor-button-text\">Direkt per Mail anmelden<\/span>\n\t\t\t\t\t<\/span>\n\t\t\t\t\t<\/a>\n\t\t\t\t<\/div>\n\t\t\t\t\t\t\t\t<\/div>\n\t\t\t\t<\/div>\n\t\t\t\t<div class=\"elementor-element elementor-element-78d6d7d elementor-mobile-align-center elementor-widget elementor-widget-button\" data-id=\"78d6d7d\" data-element_type=\"widget\" data-e-type=\"widget\" data-widget_type=\"button.default\">\n\t\t\t\t<div class=\"elementor-widget-container\">\n\t\t\t\t\t\t\t\t\t<div class=\"elementor-button-wrapper\">\n\t\t\t\t\t<a class=\"elementor-button elementor-button-link elementor-size-sm\" href=\"http:\/\/kids@herspace.studio\">\n\t\t\t\t\t\t<span class=\"elementor-button-content-wrapper\">\n\t\t\t\t\t\t\t\t\t<span class=\"elementor-button-text\">helfen Sie uns bei der Gestaltung der Kurse<\/span>\n\t\t\t\t\t<\/span>\n\t\t\t\t\t<\/a>\n\t\t\t\t<\/div>\n\t\t\t\t\t\t\t\t<\/div>\n\t\t\t\t<\/div>\n\t\t\t\t<\/div>\n\t\t\t\t<\/div>\n\t\t\t\t\t<\/div>\n\t\t\t\t<\/div>\n\t\t\t\t<\/div>\n\t\t","protected":false},"excerpt":{"rendered":"<p>Helfen Sie uns, unser Kinderprogramm zu gestalten! UNSER KIDS CLUB Kinderkurse ab im Oktober Wir planen etwas Lustiges f\u00fcr die Kleinen! W\u00e4hrend Ihr Kind sich bewegt, tanzt und Spa\u00df mit Freunden hat, k\u00f6nnen Sie endlich Ihre wohlverdiente &#8222;Zeit f\u00fcr mich&#8220; genie\u00dfen. Nippen Sie an einem Smoothie, entspannen Sie sich bei einem Kaffee, erledigen Sie Ihre [&hellip;]<\/p>\n","protected":false},"author":3,"featured_media":0,"parent":0,"menu_order":0,"comment_status":"closed","ping_status":"closed","template":"","meta":{"_acf_changed":false,"footnotes":""},"class_list":["post-3498","page","type-page","status-publish","hentry"],"acf":[],"_links":{"self":[{"href":"https:\/\/herspace.studio\/de\/wp-json\/wp\/v2\/pages\/3498","targetHints":{"allow":["GET"]}}],"collection":[{"href":"https:\/\/herspace.studio\/de\/wp-json\/wp\/v2\/pages"}],"about":[{"href":"https:\/\/herspace.studio\/de\/wp-json\/wp\/v2\/types\/page"}],"author":[{"embeddable":true,"href":"https:\/\/herspace.studio\/de\/wp-json\/wp\/v2\/users\/3"}],"replies":[{"embeddable":true,"href":"https:\/\/herspace.studio\/de\/wp-json\/wp\/v2\/comments?post=3498"}],"version-history":[{"count":1,"href":"https:\/\/herspace.studio\/de\/wp-json\/wp\/v2\/pages\/3498\/revisions"}],"predecessor-version":[{"id":3499,"href":"https:\/\/herspace.studio\/de\/wp-json\/wp\/v2\/pages\/3498\/revisions\/3499"}],"wp:attachment":[{"href":"https:\/\/herspace.studio\/de\/wp-json\/wp\/v2\/media?parent=3498"}],"curies":[{"name":"wp","href":"https:\/\/api.w.org\/{rel}","templated":true}]}}