{"id":2756,"date":"2025-03-26T18:41:24","date_gmt":"2025-03-26T17:41:24","guid":{"rendered":"https:\/\/herspace.studio\/rueckmeldung\/"},"modified":"2025-07-15T21:06:18","modified_gmt":"2025-07-15T19:06:18","slug":"rueckmeldung","status":"publish","type":"page","link":"https:\/\/herspace.studio\/de\/rueckmeldung\/","title":{"rendered":"R\u00fcckmeldung"},"content":{"rendered":"\t\t<div data-elementor-type=\"wp-page\" data-elementor-id=\"2756\" class=\"elementor elementor-2756 elementor-1214\" data-elementor-post-type=\"page\">\n\t\t\t\t<div class=\"elementor-element elementor-element-0eeefe1 e-flex e-con-boxed e-con e-parent\" data-id=\"0eeefe1\" data-element_type=\"container\" data-e-type=\"container\" data-settings=\"{&quot;background_background&quot;:&quot;classic&quot;}\">\n\t\t\t\t\t<div class=\"e-con-inner\">\n\t\t\t\t<div class=\"elementor-element elementor-element-2091871 elementor-widget elementor-widget-heading\" data-id=\"2091871\" data-element_type=\"widget\" data-e-type=\"widget\" data-widget_type=\"heading.default\">\n\t\t\t\t<div class=\"elementor-widget-container\">\n\t\t\t\t\t<h1 class=\"elementor-heading-title elementor-size-default\">Ihre Erfahrung z\u00e4hlt!\n<\/h1>\t\t\t\t<\/div>\n\t\t\t\t<\/div>\n\t\t\t\t<div class=\"elementor-element elementor-element-a264151 elementor-widget elementor-widget-text-editor\" data-id=\"a264151\" data-element_type=\"widget\" data-e-type=\"widget\" data-widget_type=\"text-editor.default\">\n\t\t\t\t<div class=\"elementor-widget-container\">\n\t\t\t\t\t\t\t\t\t<p class=\"font_8 wixui-rich-text__text\"><span class=\"wixui-rich-text__text\">Nur mit Ihrem ehrlichen und konstruktiven Feedback k\u00f6nnen wir herspace weiter verbessern. Wir haben diesen Raum geschaffen, damit Sie sich wohlf\u00fchlen und gest\u00e4rkt werden &#8211; und wir wollen ihn noch besser machen! <\/span><\/p><p class=\"font_8 wixui-rich-text__text\"><span class=\"wixui-rich-text__text\">Teilen Sie Ihre Gedanken mit uns: Was lieben Sie? Wovon h\u00e4tten Sie gerne mehr? Gibt es etwas, das wir verbessern k\u00f6nnen?  <\/span><\/p><p class=\"font_8 wixui-rich-text__text\"><span class=\"wixui-rich-text__text\"><span class=\"wixGuard wixui-rich-text__text\"><\/span><span class=\"wixui-rich-text__text\">Sie k\u00f6nnen w\u00e4hlen, ob Sie Ihr Feedback anonym oder mit Ihrem Namen weitergeben m\u00f6chten.<\/span><\/span><\/p><p class=\"font_8 wixui-rich-text__text\"><span class=\"wixui-rich-text__text\">Vielen Dank f\u00fcr Ihr wertvolles Feedback!<\/span><\/p>\t\t\t\t\t\t\t\t<\/div>\n\t\t\t\t<\/div>\n\t\t\t\t\t<\/div>\n\t\t\t\t<\/div>\n\t\t<div class=\"elementor-element elementor-element-5c0e5a5 e-flex e-con-boxed e-con e-parent\" data-id=\"5c0e5a5\" data-element_type=\"container\" data-e-type=\"container\">\n\t\t\t\t\t<div class=\"e-con-inner\">\n\t\t\t\t<div class=\"elementor-element elementor-element-74aeb8b elementor-widget elementor-widget-heading\" data-id=\"74aeb8b\" data-element_type=\"widget\" data-e-type=\"widget\" data-widget_type=\"heading.default\">\n\t\t\t\t<div class=\"elementor-widget-container\">\n\t\t\t\t\t<h2 class=\"elementor-heading-title elementor-size-default\">R\u00fcckmeldung<\/h2>\t\t\t\t<\/div>\n\t\t\t\t<\/div>\n\t\t\t\t<div class=\"elementor-element elementor-element-52e33e8 elementor-button-align-start elementor-widget elementor-widget-form\" data-id=\"52e33e8\" data-element_type=\"widget\" data-e-type=\"widget\" data-settings=\"{&quot;step_next_label&quot;:&quot;N\\u00e4chster&quot;,&quot;step_previous_label&quot;:&quot;Voriger&quot;,&quot;button_width&quot;:&quot;100&quot;,&quot;step_type&quot;:&quot;number_text&quot;,&quot;step_icon_shape&quot;:&quot;circle&quot;}\" data-widget_type=\"form.default\">\n\t\t\t\t<div class=\"elementor-widget-container\">\n\t\t\t\t\t\t\t<form class=\"elementor-form\" method=\"post\" name=\"Neues Formular\" aria-label=\"Neues Formular\">\n\t\t\t<input type=\"hidden\" name=\"post_id\" value=\"2756\"\/>\n\t\t\t<input type=\"hidden\" name=\"form_id\" value=\"52e33e8\"\/>\n\t\t\t<input type=\"hidden\" name=\"referer_title\" value=\"R\u00fcckmeldung - Herspace Studio\" \/>\n\n\t\t\t\t\t\t\t<input type=\"hidden\" name=\"queried_id\" value=\"2756\"\/>\n\t\t\t\n\t\t\t<div class=\"elementor-form-fields-wrapper elementor-labels-\">\n\t\t\t\t\t\t\t\t<div class=\"elementor-field-type-html elementor-field-group elementor-column elementor-field-group-field_c50dd06 elementor-col-100\">\n\t\t\t\t\t<h3 class=\"zwischen-h\">Wie w\u00fcrden Sie Ihre Erfahrung mit HERSPACE auf einer Skala von 1 bis 5 bewerten?<br><span style=\"font-size:0.5em;\">(1 = verbesserungsbed\u00fcrftig, 5 = ausgezeichnet)<\/span>\n<\/h3>\t\t\t\t<\/div>\n\t\t\t\t\t\t\t\t<div class=\"elementor-field-type-radio elementor-field-group elementor-column elementor-field-group-rating elementor-col-100 elementor-field-required\">\n\t\t\t\t\t<div class=\"elementor-field-subgroup  elementor-subgroup-inline\"><span class=\"elementor-field-option\"><input type=\"radio\" value=\"1\" id=\"form-field-rating-0\" name=\"form_fields[rating]\" required=\"required\"> <label for=\"form-field-rating-0\">1<\/label><\/span><span class=\"elementor-field-option\"><input type=\"radio\" value=\"2\" id=\"form-field-rating-1\" name=\"form_fields[rating]\" required=\"required\"> <label for=\"form-field-rating-1\">2<\/label><\/span><span class=\"elementor-field-option\"><input type=\"radio\" value=\"3\" id=\"form-field-rating-2\" name=\"form_fields[rating]\" required=\"required\"> <label for=\"form-field-rating-2\">3<\/label><\/span><span class=\"elementor-field-option\"><input type=\"radio\" value=\"4\" id=\"form-field-rating-3\" name=\"form_fields[rating]\" required=\"required\"> <label for=\"form-field-rating-3\">4<\/label><\/span><span class=\"elementor-field-option\"><input type=\"radio\" value=\"5\" id=\"form-field-rating-4\" name=\"form_fields[rating]\" required=\"required\"> <label for=\"form-field-rating-4\">5<\/label><\/span><\/div>\t\t\t\t<\/div>\n\t\t\t\t\t\t\t\t<div class=\"elementor-field-type-html elementor-field-group elementor-column elementor-field-group-field_a1ba6ac elementor-col-100\">\n\t\t\t\t\t<h3 class=\"zwischen-h\">Haben wir etwas vergessen, um diesen Ort zu Ihrem Gl\u00fccksort zu machen?<\/h3>\t\t\t\t<\/div>\n\t\t\t\t\t\t\t\t<div class=\"elementor-field-type-textarea elementor-field-group elementor-column elementor-field-group-message elementor-col-100\">\n\t\t\t\t\t\t\t\t\t\t\t\t<label for=\"form-field-message\" class=\"elementor-field-label elementor-screen-only\">\n\t\t\t\t\t\t\t\tR\u00fcckmeldung\t\t\t\t\t\t\t<\/label>\n\t\t\t\t\t\t<textarea class=\"elementor-field-textual elementor-field  elementor-size-sm\" name=\"form_fields[message]\" id=\"form-field-message\" rows=\"4\" placeholder=\"Ihr Feedback\"><\/textarea>\t\t\t\t<\/div>\n\t\t\t\t\t\t\t\t<div class=\"elementor-field-type-html elementor-field-group elementor-column elementor-field-group-field_5ef4367 elementor-col-100\">\n\t\t\t\t\t<p>Wenn Sie m\u00f6chten, k\u00f6nnen Sie hier Ihre E-Mail-Adresse angeben und wir werden uns mit Ihnen in Verbindung setzen. Alternativ kann Ihr Feedback auch anonym bleiben. \n<\/p>\t\t\t\t<\/div>\n\t\t\t\t\t\t\t\t<div class=\"elementor-field-type-email elementor-field-group elementor-column elementor-field-group-email elementor-col-100\">\n\t\t\t\t\t\t\t\t\t\t\t\t<label for=\"form-field-email\" class=\"elementor-field-label elementor-screen-only\">\n\t\t\t\t\t\t\t\tE-Mail\t\t\t\t\t\t\t<\/label>\n\t\t\t\t\t\t\t\t\t\t\t\t\t\t<input size=\"1\" type=\"email\" name=\"form_fields[email]\" id=\"form-field-email\" class=\"elementor-field elementor-size-sm  elementor-field-textual\" placeholder=\"E-Mail\">\n\t\t\t\t\t\t\t\t\t\t\t<\/div>\n\t\t\t\t\t\t\t\t<div class=\"elementor-field-group elementor-column elementor-field-type-submit elementor-col-100 e-form__buttons\">\n\t\t\t\t\t<button class=\"elementor-button elementor-size-sm\" type=\"submit\">\n\t\t\t\t\t\t<span class=\"elementor-button-content-wrapper\">\n\t\t\t\t\t\t\t\t\t\t\t\t\t\t\t\t\t\t\t\t\t\t<span class=\"elementor-button-text\">Feedback senden<\/span>\n\t\t\t\t\t\t\t\t\t\t\t\t\t<\/span>\n\t\t\t\t\t<\/button>\n\t\t\t\t<\/div>\n\t\t\t<\/div>\n\t\t<\/form>\n\t\t\t\t\t\t<\/div>\n\t\t\t\t<\/div>\n\t\t\t\t\t<\/div>\n\t\t\t\t<\/div>\n\t\t\t\t<\/div>\n\t\t","protected":false},"excerpt":{"rendered":"<p>Ihre Erfahrung z\u00e4hlt! Nur mit Ihrem ehrlichen und konstruktiven Feedback k\u00f6nnen wir herspace weiter verbessern. Wir haben diesen Raum geschaffen, damit Sie sich wohlf\u00fchlen und gest\u00e4rkt werden &#8211; und wir wollen ihn noch besser machen! Teilen Sie Ihre Gedanken mit uns: Was lieben Sie? Wovon h\u00e4tten Sie gerne mehr? Gibt es etwas, das wir verbessern [&hellip;]<\/p>\n","protected":false},"author":1,"featured_media":0,"parent":0,"menu_order":0,"comment_status":"closed","ping_status":"closed","template":"","meta":{"_acf_changed":false,"footnotes":""},"class_list":["post-2756","page","type-page","status-publish","hentry"],"acf":[],"_links":{"self":[{"href":"https:\/\/herspace.studio\/de\/wp-json\/wp\/v2\/pages\/2756","targetHints":{"allow":["GET"]}}],"collection":[{"href":"https:\/\/herspace.studio\/de\/wp-json\/wp\/v2\/pages"}],"about":[{"href":"https:\/\/herspace.studio\/de\/wp-json\/wp\/v2\/types\/page"}],"author":[{"embeddable":true,"href":"https:\/\/herspace.studio\/de\/wp-json\/wp\/v2\/users\/1"}],"replies":[{"embeddable":true,"href":"https:\/\/herspace.studio\/de\/wp-json\/wp\/v2\/comments?post=2756"}],"version-history":[{"count":1,"href":"https:\/\/herspace.studio\/de\/wp-json\/wp\/v2\/pages\/2756\/revisions"}],"predecessor-version":[{"id":2757,"href":"https:\/\/herspace.studio\/de\/wp-json\/wp\/v2\/pages\/2756\/revisions\/2757"}],"wp:attachment":[{"href":"https:\/\/herspace.studio\/de\/wp-json\/wp\/v2\/media?parent=2756"}],"curies":[{"name":"wp","href":"https:\/\/api.w.org\/{rel}","templated":true}]}}