{"id":2754,"date":"2025-04-03T21:37:44","date_gmt":"2025-04-03T19:37:44","guid":{"rendered":"https:\/\/herspace.studio\/newsletter\/"},"modified":"2025-07-15T21:08:10","modified_gmt":"2025-07-15T19:08:10","slug":"newsletter","status":"publish","type":"page","link":"https:\/\/herspace.studio\/de\/newsletter\/","title":{"rendered":"Newsletter"},"content":{"rendered":"\t\t<div data-elementor-type=\"wp-page\" data-elementor-id=\"2754\" class=\"elementor elementor-2754 elementor-1528\" data-elementor-post-type=\"page\">\n\t\t\t\t<div class=\"elementor-element elementor-element-0bd69d1 e-con-full custom-stack-container e-flex e-con e-parent\" data-id=\"0bd69d1\" data-element_type=\"container\" data-e-type=\"container\" data-settings=\"{&quot;background_background&quot;:&quot;classic&quot;}\">\n\t\t<div class=\"elementor-element elementor-element-0686351 e-con-full custom-stack e-flex e-con e-child\" data-id=\"0686351\" data-element_type=\"container\" data-e-type=\"container\">\n\t\t\t\t<div class=\"elementor-element elementor-element-cdd38d8 elementor-widget elementor-widget-heading\" data-id=\"cdd38d8\" data-element_type=\"widget\" data-e-type=\"widget\" data-widget_type=\"heading.default\">\n\t\t\t\t<div class=\"elementor-widget-container\">\n\t\t\t\t\t<h2 class=\"elementor-heading-title elementor-size-default\">Erleben Sie die Welt von HERSPACE - direkt in Ihrem Posteingang!<\/h2>\t\t\t\t<\/div>\n\t\t\t\t<\/div>\n\t\t\t\t<div class=\"elementor-element elementor-element-88ee628 elementor-widget elementor-widget-text-editor\" data-id=\"88ee628\" data-element_type=\"widget\" data-e-type=\"widget\" data-widget_type=\"text-editor.default\">\n\t\t\t\t<div class=\"elementor-widget-container\">\n\t\t\t\t\t\t\t\t\t<p>Machen Sie sich bereit f\u00fcr neue Inspirationen, einzigartige Erlebnisse und einen unendlichen Strom an guter Laune. Ihr HERSPACE Newsletter bringt Ihnen alles, was Sie brauchen &#8211; genau die richtige Menge, genau zur richtigen Zeit. <\/p>\t\t\t\t\t\t\t\t<\/div>\n\t\t\t\t<\/div>\n\t\t\t\t<div class=\"elementor-element elementor-element-b097b3e elementor-widget elementor-widget-global elementor-global-2578 elementor-global-1370 elementor-widget-html\" data-id=\"b097b3e\" data-element_type=\"widget\" data-e-type=\"widget\" data-widget_type=\"html.default\">\n\t\t\t\t<div class=\"elementor-widget-container\">\n\t\t\t\t\t<script id=\"insert-bsport-widget-cdn\">!function (b, s, p, o, r, t) { !typeof window.BsportWidget !== \"undefined\" && !document.getElementById(\"bsport-widget-cdn\") && !function () { m = b.createElement(s), m.id = \"bsport-widget-cdn\", m.src = p, b.getElementsByTagName(\"head\")[0].appendChild(m) }() }(document, \"script\", \"https:\/\/cdn.bsport.io\/scripts\/widget.js\")<\/script>\n    <script id=\"bsport-widget-mount\">\n        function MountBsportWidget(config, repeat=1) {\n            if (repeat > 50) { return }\n            if (!window.BsportWidget) {\n                return setTimeout(() => {\n                    MountBsportWidget(config,repeat+1)\n                }, 100 * repeat || 1)\n            }\n            BsportWidget.mount(config)\n        }\n    <\/script>\n    <script>\n        MountBsportWidget({\n                \"parentElement\": \"bsport-widget-46926\",\n                \"companyId\": 3475,\n                \"franchiseId\": null,\n                \"dialogMode\": 1,\n                \"widgetType\": \"newsletter\",\n        \"language\": \"en-GB\", \n                \"showFab\": false,\n                \"fullScreenPopup\": false,\n                \"styles\":undefined,\n                \"config\": {\n                    \"newsletter\": {}\n                }  \n            })\n    <\/script>\n<div id=\"bsport-widget-46926\"><\/div>\t\t\t\t<\/div>\n\t\t\t\t<\/div>\n\t\t\t\t<\/div>\n\t\t<div class=\"elementor-element elementor-element-cbfa25e e-con-full e-flex e-con e-child\" data-id=\"cbfa25e\" data-element_type=\"container\" data-e-type=\"container\">\n\t\t\t\t<div class=\"elementor-element elementor-element-8b221be elementor-widget elementor-widget-image\" data-id=\"8b221be\" data-element_type=\"widget\" data-e-type=\"widget\" data-widget_type=\"image.default\">\n\t\t\t\t<div class=\"elementor-widget-container\">\n\t\t\t\t\t\t\t\t\t\t\t\t\t\t\t<img fetchpriority=\"high\" decoding=\"async\" width=\"800\" height=\"800\" src=\"https:\/\/herspace.studio\/wp-content\/uploads\/2025\/03\/HerSpace-8.jpg\" class=\"attachment-large size-large wp-image-2330\" alt=\"\" srcset=\"https:\/\/herspace.studio\/wp-content\/uploads\/2025\/03\/HerSpace-8.jpg 875w, https:\/\/herspace.studio\/wp-content\/uploads\/2025\/03\/HerSpace-8-300x300.jpg 300w, https:\/\/herspace.studio\/wp-content\/uploads\/2025\/03\/HerSpace-8-150x150.jpg 150w, https:\/\/herspace.studio\/wp-content\/uploads\/2025\/03\/HerSpace-8-768x768.jpg 768w\" sizes=\"(max-width: 800px) 100vw, 800px\" \/>\t\t\t\t\t\t\t\t\t\t\t\t\t\t\t<\/div>\n\t\t\t\t<\/div>\n\t\t\t\t<\/div>\n\t\t\t\t<\/div>\n\t\t<div class=\"elementor-element elementor-element-c6e7c58 e-flex e-con-boxed e-con e-parent\" data-id=\"c6e7c58\" data-element_type=\"container\" data-e-type=\"container\">\n\t\t\t\t\t<div class=\"e-con-inner\">\n\t\t<div class=\"elementor-element elementor-element-bdde99e e-con-full e-flex e-con e-child\" data-id=\"bdde99e\" data-element_type=\"container\" data-e-type=\"container\">\n\t\t\t\t<div class=\"elementor-element elementor-element-b649619 eyebrow elementor-widget elementor-widget-text-editor\" data-id=\"b649619\" data-element_type=\"widget\" data-e-type=\"widget\" data-widget_type=\"text-editor.default\">\n\t\t\t\t<div class=\"elementor-widget-container\">\n\t\t\t\t\t\t\t\t\t<p>TRAINIEREN SIE IM EINKLANG MIT IHREM ZYKLUS<\/p>\t\t\t\t\t\t\t\t<\/div>\n\t\t\t\t<\/div>\n\t\t\t\t<div class=\"elementor-element elementor-element-fde55be elementor-widget elementor-widget-heading\" data-id=\"fde55be\" data-element_type=\"widget\" data-e-type=\"widget\" data-widget_type=\"heading.default\">\n\t\t\t\t<div class=\"elementor-widget-container\">\n\t\t\t\t\t<h2 class=\"elementor-heading-title elementor-size-default\">Ganz gleich, wo Sie sich befinden und in welchem Zyklus Sie sich gerade befinden: Finden Sie, was Sie jetzt brauchen<\/h2>\t\t\t\t<\/div>\n\t\t\t\t<\/div>\n\t\t\t\t<div class=\"elementor-element elementor-element-cddfb50 elementor-widget elementor-widget-text-editor\" data-id=\"cddfb50\" data-element_type=\"widget\" data-e-type=\"widget\" data-widget_type=\"text-editor.default\">\n\t\t\t\t<div class=\"elementor-widget-container\">\n\t\t\t\t\t\t\t\t\t<p>Unsere Energie, unsere Emotionen und unsere Leistung schwanken t\u00e4glich. Dennoch verlangt die Gesellschaft oft eine konstante Produktivit\u00e4t, die wenig Raum f\u00fcr diese nat\u00fcrlichen Schwankungen l\u00e4sst. <\/p><p>Auf HERSPACE schaffen wir einen Raum, in dem Sie genau so sein k\u00f6nnen, wie Sie sind &#8211; kraftvoll und energiegeladen oder ruhig und besinnlich. Hier werden Sie ermutigt, auf sich selbst zu h\u00f6ren, Ihre Bed\u00fcrfnisse zu achten und sich von starren Erwartungen zu l\u00f6sen. <\/p>\t\t\t\t\t\t\t\t<\/div>\n\t\t\t\t<\/div>\n\t\t\t\t<div class=\"elementor-element elementor-element-b4fa7f0 elementor-tablet-align-center elementor-widget elementor-widget-button\" data-id=\"b4fa7f0\" data-element_type=\"widget\" data-e-type=\"widget\" data-widget_type=\"button.default\">\n\t\t\t\t<div class=\"elementor-widget-container\">\n\t\t\t\t\t\t\t\t\t<div class=\"elementor-button-wrapper\">\n\t\t\t\t\t<a class=\"elementor-button elementor-button-link elementor-size-sm\" href=\"https:\/\/herspace.studio\/de\/klassen\/\">\n\t\t\t\t\t\t<span class=\"elementor-button-content-wrapper\">\n\t\t\t\t\t\t\t\t\t<span class=\"elementor-button-text\">KURSE ENTDECKEN<\/span>\n\t\t\t\t\t<\/span>\n\t\t\t\t\t<\/a>\n\t\t\t\t<\/div>\n\t\t\t\t\t\t\t\t<\/div>\n\t\t\t\t<\/div>\n\t\t\t\t<\/div>\n\t\t<div class=\"elementor-element elementor-element-2a9134a e-con-full e-flex e-con e-child\" data-id=\"2a9134a\" data-element_type=\"container\" data-e-type=\"container\">\n\t\t\t\t<div class=\"elementor-element elementor-element-d0e1ff8 elementor-widget elementor-widget-image\" data-id=\"d0e1ff8\" data-element_type=\"widget\" data-e-type=\"widget\" data-widget_type=\"image.default\">\n\t\t\t\t<div class=\"elementor-widget-container\">\n\t\t\t\t\t\t\t\t\t\t\t\t\t\t\t\t<a href=\"https:\/\/herspace.studio\/wp-content\/uploads\/2025\/03\/Herspace-Studio-Munich-Offerings-Cycle.png\" data-elementor-open-lightbox=\"yes\" data-e-action-hash=\"#elementor-action%3Aaction%3Dlightbox%26settings%3DeyJpZCI6MjMzOSwidXJsIjoiaHR0cHM6XC9cL2hlcnNwYWNlLnN0dWRpb1wvd3AtY29udGVudFwvdXBsb2Fkc1wvMjAyNVwvMDNcL0hlcnNwYWNlLVN0dWRpby1NdW5pY2gtT2ZmZXJpbmdzLUN5Y2xlLnBuZyJ9\">\n\t\t\t\t\t\t\t<img decoding=\"async\" width=\"1683\" height=\"1169\" src=\"https:\/\/herspace.studio\/wp-content\/uploads\/2025\/03\/Herspace-Studio-Munich-Offerings-Cycle.png\" class=\"attachment-full size-full wp-image-2339\" alt=\"\" srcset=\"https:\/\/herspace.studio\/wp-content\/uploads\/2025\/03\/Herspace-Studio-Munich-Offerings-Cycle.png 1683w, https:\/\/herspace.studio\/wp-content\/uploads\/2025\/03\/Herspace-Studio-Munich-Offerings-Cycle-300x208.png 300w, https:\/\/herspace.studio\/wp-content\/uploads\/2025\/03\/Herspace-Studio-Munich-Offerings-Cycle-1024x711.png 1024w, https:\/\/herspace.studio\/wp-content\/uploads\/2025\/03\/Herspace-Studio-Munich-Offerings-Cycle-768x533.png 768w, https:\/\/herspace.studio\/wp-content\/uploads\/2025\/03\/Herspace-Studio-Munich-Offerings-Cycle-1536x1067.png 1536w\" sizes=\"(max-width: 1683px) 100vw, 1683px\" \/>\t\t\t\t\t\t\t\t<\/a>\n\t\t\t\t\t\t\t\t\t\t\t\t\t\t\t<\/div>\n\t\t\t\t<\/div>\n\t\t\t\t<\/div>\n\t\t\t\t\t<\/div>\n\t\t\t\t<\/div>\n\t\t\t\t<\/div>\n\t\t","protected":false},"excerpt":{"rendered":"<p>Erleben Sie die Welt von HERSPACE &#8211; direkt in Ihrem Posteingang! Machen Sie sich bereit f\u00fcr neue Inspirationen, einzigartige Erlebnisse und einen unendlichen Strom an guter Laune. Ihr HERSPACE Newsletter bringt Ihnen alles, was Sie brauchen &#8211; genau die richtige Menge, genau zur richtigen Zeit. TRAINIEREN SIE IM EINKLANG MIT IHREM ZYKLUS Ganz gleich, wo [&hellip;]<\/p>\n","protected":false},"author":1,"featured_media":0,"parent":0,"menu_order":0,"comment_status":"closed","ping_status":"closed","template":"","meta":{"_acf_changed":false,"footnotes":""},"class_list":["post-2754","page","type-page","status-publish","hentry"],"acf":[],"_links":{"self":[{"href":"https:\/\/herspace.studio\/de\/wp-json\/wp\/v2\/pages\/2754","targetHints":{"allow":["GET"]}}],"collection":[{"href":"https:\/\/herspace.studio\/de\/wp-json\/wp\/v2\/pages"}],"about":[{"href":"https:\/\/herspace.studio\/de\/wp-json\/wp\/v2\/types\/page"}],"author":[{"embeddable":true,"href":"https:\/\/herspace.studio\/de\/wp-json\/wp\/v2\/users\/1"}],"replies":[{"embeddable":true,"href":"https:\/\/herspace.studio\/de\/wp-json\/wp\/v2\/comments?post=2754"}],"version-history":[{"count":3,"href":"https:\/\/herspace.studio\/de\/wp-json\/wp\/v2\/pages\/2754\/revisions"}],"predecessor-version":[{"id":2759,"href":"https:\/\/herspace.studio\/de\/wp-json\/wp\/v2\/pages\/2754\/revisions\/2759"}],"wp:attachment":[{"href":"https:\/\/herspace.studio\/de\/wp-json\/wp\/v2\/media?parent=2754"}],"curies":[{"name":"wp","href":"https:\/\/api.w.org\/{rel}","templated":true}]}}