{"id":1960,"date":"2025-05-27T05:31:13","date_gmt":"2025-05-27T03:31:13","guid":{"rendered":"https:\/\/herspace.studio\/?page_id=1960"},"modified":"2026-03-20T12:12:43","modified_gmt":"2026-03-20T11:12:43","slug":"ausbildung","status":"publish","type":"page","link":"https:\/\/herspace.studio\/de\/ausbildung\/","title":{"rendered":"Ausbildung"},"content":{"rendered":"\t\t<div data-elementor-type=\"wp-page\" data-elementor-id=\"1960\" class=\"elementor elementor-1960\" data-elementor-post-type=\"page\">\n\t\t\t\t<div class=\"elementor-element elementor-element-bec84ea e-flex e-con-boxed e-con e-parent\" data-id=\"bec84ea\" data-element_type=\"container\" data-e-type=\"container\" data-settings=\"{&quot;background_background&quot;:&quot;slideshow&quot;,&quot;background_slideshow_gallery&quot;:[],&quot;background_slideshow_loop&quot;:&quot;yes&quot;,&quot;background_slideshow_slide_duration&quot;:5000,&quot;background_slideshow_slide_transition&quot;:&quot;fade&quot;,&quot;background_slideshow_transition_duration&quot;:500}\">\n\t\t\t\t\t<div class=\"e-con-inner\">\n\t\t\t\t<div class=\"elementor-element elementor-element-bf12613 elementor-absolute elementor-widget elementor-widget-image\" data-id=\"bf12613\" data-element_type=\"widget\" data-e-type=\"widget\" data-settings=\"{&quot;_position&quot;:&quot;absolute&quot;}\" data-widget_type=\"image.default\">\n\t\t\t\t<div class=\"elementor-widget-container\">\n\t\t\t\t\t\t\t\t\t\t\t\t\t\t\t<img fetchpriority=\"high\" decoding=\"async\" width=\"800\" height=\"377\" src=\"https:\/\/herspace.studio\/wp-content\/uploads\/2025\/03\/Herspace-Studio-Munich-Credits-1024x482.jpg\" class=\"attachment-large size-large wp-image-2354\" alt=\"\" srcset=\"https:\/\/herspace.studio\/wp-content\/uploads\/2025\/03\/Herspace-Studio-Munich-Credits-1024x482.jpg.webp 1024w, https:\/\/herspace.studio\/wp-content\/uploads\/2025\/03\/Herspace-Studio-Munich-Credits-300x141.jpg.webp 300w, https:\/\/herspace.studio\/wp-content\/uploads\/2025\/03\/Herspace-Studio-Munich-Credits-768x362.jpg.webp 768w, https:\/\/herspace.studio\/wp-content\/uploads\/2025\/03\/Herspace-Studio-Munich-Credits-1536x723.jpg.webp 1536w\" sizes=\"(max-width: 800px) 100vw, 800px\" \/>\t\t\t\t\t\t\t\t\t\t\t\t\t\t\t<\/div>\n\t\t\t\t<\/div>\n\t\t\t\t<div class=\"elementor-element elementor-element-e83ce9d elementor-widget elementor-widget-heading\" data-id=\"e83ce9d\" data-element_type=\"widget\" data-e-type=\"widget\" data-widget_type=\"heading.default\">\n\t\t\t\t<div class=\"elementor-widget-container\">\n\t\t\t\t\t<h1 class=\"elementor-heading-title elementor-size-default\">LERNE MIT UNS!<\/h1>\t\t\t\t<\/div>\n\t\t\t\t<\/div>\n\t\t\t\t<div class=\"elementor-element elementor-element-3ea1ad0 elementor-widget elementor-widget-text-editor\" data-id=\"3ea1ad0\" data-element_type=\"widget\" data-e-type=\"widget\" data-widget_type=\"text-editor.default\">\n\t\t\t\t<div class=\"elementor-widget-container\">\n\t\t\t\t\t\t\t\t\t<p data-start=\"135\" data-end=\"193\"><strong data-start=\"135\" data-end=\"193\">Werde Expertin f\u00fcr Bewegung, Gesundheit &amp; K\u00f6rperarbeit<\/strong><\/p>\t\t\t\t\t\t\t\t<\/div>\n\t\t\t\t<\/div>\n\t\t\t\t<div class=\"elementor-element elementor-element-d867e16 elementor-widget elementor-widget-text-editor\" data-id=\"d867e16\" data-element_type=\"widget\" data-e-type=\"widget\" data-widget_type=\"text-editor.default\">\n\t\t\t\t<div class=\"elementor-widget-container\">\n\t\t\t\t\t\t\t\t\t<p data-start=\"248\" data-end=\"348\">Starte deine berufliche Zukunft oder vertiefe deine Praxis mit fundierten Ausbildungen bei HERSPACE.<\/p>\t\t\t\t\t\t\t\t<\/div>\n\t\t\t\t<\/div>\n\t\t\t\t\t<\/div>\n\t\t\t\t<\/div>\n\t\t<div class=\"elementor-element elementor-element-d8a3852 e-flex e-con-boxed e-con e-parent\" data-id=\"d8a3852\" data-element_type=\"container\" data-e-type=\"container\">\n\t\t\t\t\t<div class=\"e-con-inner\">\n\t\t<div class=\"elementor-element elementor-element-b7d69f5 e-con-full e-flex e-con e-child\" data-id=\"b7d69f5\" data-element_type=\"container\" data-e-type=\"container\">\n\t\t\t\t<div class=\"elementor-element elementor-element-0f0d448 elementor-widget elementor-widget-heading\" data-id=\"0f0d448\" data-element_type=\"widget\" data-e-type=\"widget\" data-widget_type=\"heading.default\">\n\t\t\t\t<div class=\"elementor-widget-container\">\n\t\t\t\t\t<h2 class=\"elementor-heading-title elementor-size-default\">Entdecke unsere Ausbildungen<\/h2>\t\t\t\t<\/div>\n\t\t\t\t<\/div>\n\t\t\t\t<div class=\"elementor-element elementor-element-39a0c94 elementor-widget elementor-widget-text-editor\" data-id=\"39a0c94\" data-element_type=\"widget\" data-e-type=\"widget\" data-widget_type=\"text-editor.default\">\n\t\t\t\t<div class=\"elementor-widget-container\">\n\t\t\t\t\t\t\t\t\t<p data-start=\"368\" data-end=\"607\">HERSPACE ist ein Ausbildungsinstitut f\u00fcr Frauen im Gesundheits- und Bewegungsbereich.<br data-start=\"453\" data-end=\"456\">Bei uns findest du sowohl eine staatlich anerkannte, IHK-zertifizierte Berufsausbildung als auch spezialisierte Teacher Trainings in Pilates und Barre.<\/p>\n<p data-start=\"609\" data-end=\"819\">Egal, ob du dich komplett neu orientieren m\u00f6chtest oder deine Leidenschaft zum Beruf machen willst, wir begleiten dich auf deinem Weg mit fundiertem Wissen, pers\u00f6nlicher Entwicklung und echter Praxiserfahrung.<\/p>\n<p data-start=\"232\" data-end=\"448\">\n<\/p><p data-start=\"821\" data-end=\"932\">Du lernst nicht nur Techniken, sondern entwickelst ein tiefes Verst\u00e4ndnis f\u00fcr K\u00f6rper, Bewegung und dich selbst.<\/p>\t\t\t\t\t\t\t\t<\/div>\n\t\t\t\t<\/div>\n\t\t\t\t<\/div>\n\t\t\t\t\t<\/div>\n\t\t\t\t<\/div>\n\t\t<div class=\"elementor-element elementor-element-7b3f5b4 e-flex e-con-boxed e-con e-parent\" data-id=\"7b3f5b4\" data-element_type=\"container\" data-e-type=\"container\">\n\t\t\t\t\t<div class=\"e-con-inner\">\n\t\t<div class=\"elementor-element elementor-element-14a27260 e-con-full e-flex e-con e-child\" data-id=\"14a27260\" data-element_type=\"container\" data-e-type=\"container\">\n\t\t<div class=\"elementor-element elementor-element-95a2515 e-con-full e-flex e-con e-child\" data-id=\"95a2515\" data-element_type=\"container\" data-e-type=\"container\">\n\t\t\t\t<div class=\"elementor-element elementor-element-166d7ef2 elementor-cta--valign-middle elementor-widget__width-inherit elementor-widget-tablet__width-inherit elementor-widget-mobile__width-inherit elementor-cta--skin-classic elementor-animated-content elementor-bg-transform elementor-bg-transform-zoom-in elementor-widget elementor-widget-call-to-action\" data-id=\"166d7ef2\" data-element_type=\"widget\" data-e-type=\"widget\" data-widget_type=\"call-to-action.default\">\n\t\t\t\t<div class=\"elementor-widget-container\">\n\t\t\t\t\t\t\t<div class=\"elementor-cta\">\n\t\t\t\t\t<div class=\"elementor-cta__bg-wrapper\">\n\t\t\t\t<div class=\"elementor-cta__bg elementor-bg\" style=\"background-image: url(https:\/\/herspace.studio\/wp-content\/uploads\/2025\/06\/DSCF2976-1022x1024.jpeg);\" role=\"img\" aria-label=\"DSCF2976\"><\/div>\n\t\t\t\t<div class=\"elementor-cta__bg-overlay\"><\/div>\n\t\t\t<\/div>\n\t\t\t\t\t\t\t\t<\/div>\n\t\t\t\t\t\t<\/div>\n\t\t\t\t<\/div>\n\t\t<div class=\"elementor-element elementor-element-2919f539 e-con-full e-flex e-con e-child\" data-id=\"2919f539\" data-element_type=\"container\" data-e-type=\"container\">\n\t\t\t\t<div class=\"elementor-element elementor-element-14b57463 elementor-widget elementor-widget-heading\" data-id=\"14b57463\" data-element_type=\"widget\" data-e-type=\"widget\" data-widget_type=\"heading.default\">\n\t\t\t\t<div class=\"elementor-widget-container\">\n\t\t\t\t\t<span class=\"elementor-heading-title elementor-size-default\">3-j\u00e4hrige Berufsausbildung<\/span>\t\t\t\t<\/div>\n\t\t\t\t<\/div>\n\t\t\t\t<div class=\"elementor-element elementor-element-390eced1 elementor-widget elementor-widget-heading\" data-id=\"390eced1\" data-element_type=\"widget\" data-e-type=\"widget\" data-widget_type=\"heading.default\">\n\t\t\t\t<div class=\"elementor-widget-container\">\n\t\t\t\t\t<span class=\"elementor-heading-title elementor-size-default\">Starte deine Ausbildung f\u00fcr eine langfristige Karriere und lerne alles \u00fcber das Management eines Studios.<\/span>\t\t\t\t<\/div>\n\t\t\t\t<\/div>\n\t\t\t\t<\/div>\n\t\t\t\t<div class=\"elementor-element elementor-element-480a881 elementor-align-center elementor-widget elementor-widget-button\" data-id=\"480a881\" data-element_type=\"widget\" data-e-type=\"widget\" data-widget_type=\"button.default\">\n\t\t\t\t<div class=\"elementor-widget-container\">\n\t\t\t\t\t\t\t\t\t<div class=\"elementor-button-wrapper\">\n\t\t\t\t\t<a class=\"elementor-button elementor-button-link elementor-size-sm\" href=\"https:\/\/herspace.studio\/de\/berufsausbildung\/\">\n\t\t\t\t\t\t<span class=\"elementor-button-content-wrapper\">\n\t\t\t\t\t\t\t\t\t<span class=\"elementor-button-text\">Jetzt Ausbildungsplatz sichern<\/span>\n\t\t\t\t\t<\/span>\n\t\t\t\t\t<\/a>\n\t\t\t\t<\/div>\n\t\t\t\t\t\t\t\t<\/div>\n\t\t\t\t<\/div>\n\t\t\t\t<\/div>\n\t\t<div class=\"elementor-element elementor-element-0e48057 e-con-full e-flex e-con e-child\" data-id=\"0e48057\" data-element_type=\"container\" data-e-type=\"container\">\n\t\t\t\t<div class=\"elementor-element elementor-element-580b86a elementor-cta--valign-middle elementor-widget__width-inherit elementor-widget-tablet__width-inherit elementor-widget-mobile__width-inherit elementor-cta--skin-classic elementor-animated-content elementor-bg-transform elementor-bg-transform-zoom-in elementor-widget elementor-widget-call-to-action\" data-id=\"580b86a\" data-element_type=\"widget\" data-e-type=\"widget\" data-widget_type=\"call-to-action.default\">\n\t\t\t\t<div class=\"elementor-widget-container\">\n\t\t\t\t\t\t\t<div class=\"elementor-cta\">\n\t\t\t\t\t<div class=\"elementor-cta__bg-wrapper\">\n\t\t\t\t<div class=\"elementor-cta__bg elementor-bg\" style=\"background-image: url(https:\/\/herspace.studio\/wp-content\/uploads\/2025\/05\/DSCF2861-scaled-e1748733023616-864x1024.jpeg);\" role=\"img\" aria-label=\"DSCF2861\"><\/div>\n\t\t\t\t<div class=\"elementor-cta__bg-overlay\"><\/div>\n\t\t\t<\/div>\n\t\t\t\t\t\t\t\t<\/div>\n\t\t\t\t\t\t<\/div>\n\t\t\t\t<\/div>\n\t\t<div class=\"elementor-element elementor-element-21153be e-flex e-con-boxed e-con e-child\" data-id=\"21153be\" data-element_type=\"container\" data-e-type=\"container\">\n\t\t\t\t\t<div class=\"e-con-inner\">\n\t\t\t\t<div class=\"elementor-element elementor-element-af10f73 elementor-widget elementor-widget-heading\" data-id=\"af10f73\" data-element_type=\"widget\" data-e-type=\"widget\" data-widget_type=\"heading.default\">\n\t\t\t\t<div class=\"elementor-widget-container\">\n\t\t\t\t\t<span class=\"elementor-heading-title elementor-size-default\">150H TEACHER TRAINING<\/span>\t\t\t\t<\/div>\n\t\t\t\t<\/div>\n\t\t\t\t<div class=\"elementor-element elementor-element-ed8b9e3 elementor-widget elementor-widget-heading\" data-id=\"ed8b9e3\" data-element_type=\"widget\" data-e-type=\"widget\" data-widget_type=\"heading.default\">\n\t\t\t\t<div class=\"elementor-widget-container\">\n\t\t\t\t\t<span class=\"elementor-heading-title elementor-size-default\">Lerne in unseren 150h Ausbildungen in Matten Pilates, Reformer Pilates &amp; Barre alles, was du brauchst, um kompetent zu unterrichten. <\/span>\t\t\t\t<\/div>\n\t\t\t\t<\/div>\n\t\t\t\t\t<\/div>\n\t\t\t\t<\/div>\n\t\t\t\t<div class=\"elementor-element elementor-element-2444af3 elementor-align-center elementor-widget elementor-widget-button\" data-id=\"2444af3\" data-element_type=\"widget\" data-e-type=\"widget\" data-widget_type=\"button.default\">\n\t\t\t\t<div class=\"elementor-widget-container\">\n\t\t\t\t\t\t\t\t\t<div class=\"elementor-button-wrapper\">\n\t\t\t\t\t<a class=\"elementor-button elementor-button-link elementor-size-sm\" href=\"\/de\/herspace-academy\/\" target=\"_blank\">\n\t\t\t\t\t\t<span class=\"elementor-button-content-wrapper\">\n\t\t\t\t\t\t\t\t\t<span class=\"elementor-button-text\">WERDE EINE SELBSTSICHERE TRAINERIN<\/span>\n\t\t\t\t\t<\/span>\n\t\t\t\t\t<\/a>\n\t\t\t\t<\/div>\n\t\t\t\t\t\t\t\t<\/div>\n\t\t\t\t<\/div>\n\t\t\t\t<\/div>\n\t\t\t\t<\/div>\n\t\t\t\t\t<\/div>\n\t\t\t\t<\/div>\n\t\t\t\t<\/div>\n\t\t","protected":false},"excerpt":{"rendered":"<p>LERNE MIT UNS! Werde Expertin f\u00fcr Bewegung, Gesundheit &amp; K\u00f6rperarbeit Starte deine berufliche Zukunft oder vertiefe deine Praxis mit fundierten Ausbildungen bei HERSPACE. Entdecke unsere Ausbildungen HERSPACE ist ein Ausbildungsinstitut f\u00fcr Frauen im Gesundheits- und Bewegungsbereich.Bei uns findest du sowohl eine staatlich anerkannte, IHK-zertifizierte Berufsausbildung als auch spezialisierte Teacher Trainings in Pilates und Barre. Egal, [&hellip;]<\/p>\n","protected":false},"author":4,"featured_media":0,"parent":0,"menu_order":0,"comment_status":"closed","ping_status":"closed","template":"","meta":{"_acf_changed":false,"footnotes":""},"class_list":["post-1960","page","type-page","status-publish","hentry"],"acf":[],"_links":{"self":[{"href":"https:\/\/herspace.studio\/de\/wp-json\/wp\/v2\/pages\/1960","targetHints":{"allow":["GET"]}}],"collection":[{"href":"https:\/\/herspace.studio\/de\/wp-json\/wp\/v2\/pages"}],"about":[{"href":"https:\/\/herspace.studio\/de\/wp-json\/wp\/v2\/types\/page"}],"author":[{"embeddable":true,"href":"https:\/\/herspace.studio\/de\/wp-json\/wp\/v2\/users\/4"}],"replies":[{"embeddable":true,"href":"https:\/\/herspace.studio\/de\/wp-json\/wp\/v2\/comments?post=1960"}],"version-history":[{"count":11,"href":"https:\/\/herspace.studio\/de\/wp-json\/wp\/v2\/pages\/1960\/revisions"}],"predecessor-version":[{"id":5074,"href":"https:\/\/herspace.studio\/de\/wp-json\/wp\/v2\/pages\/1960\/revisions\/5074"}],"wp:attachment":[{"href":"https:\/\/herspace.studio\/de\/wp-json\/wp\/v2\/media?parent=1960"}],"curies":[{"name":"wp","href":"https:\/\/api.w.org\/{rel}","templated":true}]}}